{"id":1001,"date":"2026-01-22T15:58:48","date_gmt":"2026-01-22T19:58:48","guid":{"rendered":"https:\/\/molierebilingu.wpenginepowered.com\/?page_id=1001"},"modified":"2026-01-22T16:00:16","modified_gmt":"2026-01-22T20:00:16","slug":"carrers","status":"publish","type":"page","link":"https:\/\/lemoliere.com\/en\/carrers\/","title":{"rendered":"Carrers"},"content":{"rendered":"\t\t<div data-elementor-type=\"wp-page\" data-elementor-id=\"1001\" class=\"elementor elementor-1001\">\n\t\t\t\t<div class=\"elementor-element elementor-element-aa43a69 e-flex e-con-boxed qodef-elementor-content-no e-con e-parent\" data-id=\"aa43a69\" data-element_type=\"container\">\n\t\t\t\t\t<div class=\"e-con-inner\">\n\t\t\t\t\t<\/div>\n\t\t\t\t<\/div>\n\t\t\t\t<section class=\"elementor-section elementor-top-section elementor-element elementor-element-1dfb4dd elementor-section-full_width qodef-elementor-content-grid elementor-section-height-default elementor-section-height-default\" data-id=\"1dfb4dd\" data-element_type=\"section\">\n\t\t\t\t\t\t<div class=\"elementor-container elementor-column-gap-no\">\n\t\t\t\t\t<div class=\"elementor-column elementor-col-100 elementor-top-column elementor-element elementor-element-560e8e0\" data-id=\"560e8e0\" data-element_type=\"column\">\n\t\t\t<div class=\"elementor-widget-wrap elementor-element-populated\">\n\t\t\t\t\t\t<div class=\"elementor-element elementor-element-2e1b0d7 elementor-widget elementor-widget-qi_addons_for_elementor_section_title\" data-id=\"2e1b0d7\" data-element_type=\"widget\" data-widget_type=\"qi_addons_for_elementor_section_title.default\">\n\t\t\t\t<div class=\"elementor-widget-container\">\n\t\t\t<div class=\"qodef-shortcode qodef-m  qodef-qi-section-title  qodef-decoration--italic  qodef-link--underline-draw qodef-subtitle-icon--left\">\n\t\t\t\t\t\t<h3 class=\"qodef-m-title\">\n\t\tCarrers\t<\/h3>\n\t\t\t<div class=\"qodef-m-text\"><p>Located in the heart of the Quartier Latin, within the Espace Saint-Denis complex, our brasserie combines the elegance of French tradition with the vibrant energy of the entertainment and events world.<br \/><br \/><\/p><p>We believe that excellence in service and a passion for gastronomy are the essential ingredients of an unforgettable experience. If you share our attention to detail, sense of hospitality, and commitment to craftsmanship, we would be delighted to get to know you.<\/p><p><br \/>Whether for our French brasserie Le Moli\u00e8re, the Trattoria del Teatro, or our performance venues \u2014 Studio-Cabaret and Th\u00e9\u00e2tre Saint-Denis \u2014 please send your r\u00e9sum\u00e9 along with the position you are applying for to the following address: <a class=\"decorated-link cursor-pointer\" rel=\"noopener\">emploi@lemoliere.com<\/a><\/p><p><br \/>We look forward to reviewing your application and, perhaps, welcoming you to our team in the near future.<\/p><\/div>\n\t<\/div>\n\t\t<\/div>\n\t\t\t\t<\/div>\n\t\t\t\t<div class=\"elementor-element elementor-element-55fb25e elementor-widget elementor-widget-spacer\" data-id=\"55fb25e\" data-element_type=\"widget\" data-widget_type=\"spacer.default\">\n\t\t\t\t<div class=\"elementor-widget-container\">\n\t\t\t\t\t<div class=\"elementor-spacer\">\n\t\t\t<div class=\"elementor-spacer-inner\"><\/div>\n\t\t<\/div>\n\t\t\t\t<\/div>\n\t\t\t\t<\/div>\n\t\t\t\t\t<\/div>\n\t\t<\/div>\n\t\t\t\t\t<\/div>\n\t\t<\/section>\n\t\t\t\t<section class=\"elementor-section elementor-top-section elementor-element elementor-element-e0b9dcc elementor-section-full_width qodef-elementor-content-grid elementor-hidden-desktop elementor-hidden-tablet elementor-hidden-mobile elementor-section-height-default elementor-section-height-default\" data-id=\"e0b9dcc\" data-element_type=\"section\">\n\t\t\t\t\t\t<div class=\"elementor-container elementor-column-gap-no\">\n\t\t\t\t\t<div class=\"elementor-column elementor-col-33 elementor-top-column elementor-element elementor-element-cb0851e\" data-id=\"cb0851e\" data-element_type=\"column\">\n\t\t\t<div class=\"elementor-widget-wrap elementor-element-populated\">\n\t\t\t\t\t\t<div class=\"elementor-element elementor-element-8145077 elementor-widget elementor-widget-qi_addons_for_elementor_section_title\" data-id=\"8145077\" data-element_type=\"widget\" data-widget_type=\"qi_addons_for_elementor_section_title.default\">\n\t\t\t\t<div class=\"elementor-widget-container\">\n\t\t\t<div class=\"qodef-shortcode qodef-m  qodef-qi-section-title  qodef-decoration--italic  qodef-link--underline-draw qodef-subtitle-icon--left\">\n\t\t\t\t\t\t<h4 class=\"qodef-m-title\">\n\t\tPoste 1\t<\/h4>\n\t\t\t<div class=\"qodef-m-text\"><p>Organisez votre \u00e9v\u00e9nement priv\u00e9 au restaurant Le Moli\u00e8re. Profitez d'une ambiance.<\/p><\/div>\n\t<\/div>\n\t\t<\/div>\n\t\t\t\t<\/div>\n\t\t\t\t<div class=\"elementor-element elementor-element-ff4e8a3 elementor-align-left elementor-widget elementor-widget-button\" data-id=\"ff4e8a3\" data-element_type=\"widget\" data-widget_type=\"button.default\">\n\t\t\t\t<div class=\"elementor-widget-container\">\n\t\t\t\t\t<div class=\"elementor-button-wrapper\">\n\t\t\t<a class=\"elementor-button elementor-button-link elementor-size-sm\" href=\"mailto:emploi@lemoliere.com\">\n\t\t\t\t\t\t<span class=\"elementor-button-content-wrapper\">\n\t\t\t\t\t\t\t\t\t<span class=\"elementor-button-text\">POSTULEZ<\/span>\n\t\t\t\t\t<\/span>\n\t\t\t\t\t<\/a>\n\t\t<\/div>\n\t\t\t\t<\/div>\n\t\t\t\t<\/div>\n\t\t\t\t\t<\/div>\n\t\t<\/div>\n\t\t\t\t<div class=\"elementor-column elementor-col-33 elementor-top-column elementor-element elementor-element-cfbaa91\" data-id=\"cfbaa91\" data-element_type=\"column\">\n\t\t\t<div class=\"elementor-widget-wrap elementor-element-populated\">\n\t\t\t\t\t\t<div class=\"elementor-element elementor-element-6397325 elementor-widget elementor-widget-qi_addons_for_elementor_section_title\" data-id=\"6397325\" data-element_type=\"widget\" data-widget_type=\"qi_addons_for_elementor_section_title.default\">\n\t\t\t\t<div class=\"elementor-widget-container\">\n\t\t\t<div class=\"qodef-shortcode qodef-m  qodef-qi-section-title  qodef-decoration--italic  qodef-link--underline-draw qodef-subtitle-icon--left\">\n\t\t\t\t\t\t<h4 class=\"qodef-m-title\">\n\t\tPoste 1\t<\/h4>\n\t\t\t<div class=\"qodef-m-text\"><p>Organisez votre \u00e9v\u00e9nement priv\u00e9 au restaurant Le Moli\u00e8re. Profitez d'une ambiance.<\/p><\/div>\n\t<\/div>\n\t\t<\/div>\n\t\t\t\t<\/div>\n\t\t\t\t<div class=\"elementor-element elementor-element-ddf4fec elementor-align-left elementor-widget elementor-widget-button\" data-id=\"ddf4fec\" data-element_type=\"widget\" data-widget_type=\"button.default\">\n\t\t\t\t<div class=\"elementor-widget-container\">\n\t\t\t\t\t<div class=\"elementor-button-wrapper\">\n\t\t\t<a class=\"elementor-button elementor-button-link elementor-size-sm\" href=\"mailto:emploi@lemoliere.com\">\n\t\t\t\t\t\t<span class=\"elementor-button-content-wrapper\">\n\t\t\t\t\t\t\t\t\t<span class=\"elementor-button-text\">POSTULEZ<\/span>\n\t\t\t\t\t<\/span>\n\t\t\t\t\t<\/a>\n\t\t<\/div>\n\t\t\t\t<\/div>\n\t\t\t\t<\/div>\n\t\t\t\t\t<\/div>\n\t\t<\/div>\n\t\t\t\t<div class=\"elementor-column elementor-col-33 elementor-top-column elementor-element elementor-element-9c2fa92\" data-id=\"9c2fa92\" data-element_type=\"column\">\n\t\t\t<div class=\"elementor-widget-wrap elementor-element-populated\">\n\t\t\t\t\t\t<div class=\"elementor-element elementor-element-48b9821 elementor-widget elementor-widget-qi_addons_for_elementor_section_title\" data-id=\"48b9821\" data-element_type=\"widget\" data-widget_type=\"qi_addons_for_elementor_section_title.default\">\n\t\t\t\t<div class=\"elementor-widget-container\">\n\t\t\t<div class=\"qodef-shortcode qodef-m  qodef-qi-section-title  qodef-decoration--italic  qodef-link--underline-draw qodef-subtitle-icon--left\">\n\t\t\t\t\t\t<h4 class=\"qodef-m-title\">\n\t\tPoste 1\t<\/h4>\n\t\t\t<div class=\"qodef-m-text\"><p>Organisez votre \u00e9v\u00e9nement priv\u00e9 au restaurant Le Moli\u00e8re. Profitez d'une ambiance.<\/p><\/div>\n\t<\/div>\n\t\t<\/div>\n\t\t\t\t<\/div>\n\t\t\t\t<div class=\"elementor-element elementor-element-6d73c90 elementor-align-left elementor-widget elementor-widget-button\" data-id=\"6d73c90\" data-element_type=\"widget\" data-widget_type=\"button.default\">\n\t\t\t\t<div class=\"elementor-widget-container\">\n\t\t\t\t\t<div class=\"elementor-button-wrapper\">\n\t\t\t<a class=\"elementor-button elementor-button-link elementor-size-sm\" href=\"mailto:emploi@lemoliere.com\">\n\t\t\t\t\t\t<span class=\"elementor-button-content-wrapper\">\n\t\t\t\t\t\t\t\t\t<span class=\"elementor-button-text\">POSTULEZ<\/span>\n\t\t\t\t\t<\/span>\n\t\t\t\t\t<\/a>\n\t\t<\/div>\n\t\t\t\t<\/div>\n\t\t\t\t<\/div>\n\t\t\t\t\t<\/div>\n\t\t<\/div>\n\t\t\t\t\t<\/div>\n\t\t<\/section>\n\t\t\t\t<section class=\"elementor-section elementor-top-section elementor-element elementor-element-eb50530 elementor-section-full_width qodef-elementor-content-grid elementor-hidden-desktop elementor-hidden-tablet elementor-hidden-mobile elementor-section-height-default elementor-section-height-default\" data-id=\"eb50530\" data-element_type=\"section\">\n\t\t\t\t\t\t<div class=\"elementor-container elementor-column-gap-no\">\n\t\t\t\t\t<div class=\"elementor-column elementor-col-33 elementor-top-column elementor-element elementor-element-5a5993e\" data-id=\"5a5993e\" data-element_type=\"column\">\n\t\t\t<div class=\"elementor-widget-wrap elementor-element-populated\">\n\t\t\t\t\t\t<div class=\"elementor-element elementor-element-bce9185 elementor-widget elementor-widget-qi_addons_for_elementor_section_title\" data-id=\"bce9185\" data-element_type=\"widget\" data-widget_type=\"qi_addons_for_elementor_section_title.default\">\n\t\t\t\t<div class=\"elementor-widget-container\">\n\t\t\t<div class=\"qodef-shortcode qodef-m  qodef-qi-section-title  qodef-decoration--italic  qodef-link--underline-draw qodef-subtitle-icon--left\">\n\t\t\t\t\t\t<h4 class=\"qodef-m-title\">\n\t\tPoste 1\t<\/h4>\n\t\t\t<div class=\"qodef-m-text\"><p>Organisez votre \u00e9v\u00e9nement priv\u00e9 au restaurant Le Moli\u00e8re. Profitez d'une ambiance.<\/p><\/div>\n\t<\/div>\n\t\t<\/div>\n\t\t\t\t<\/div>\n\t\t\t\t<div class=\"elementor-element elementor-element-f9d918f elementor-align-left elementor-widget elementor-widget-button\" data-id=\"f9d918f\" data-element_type=\"widget\" data-widget_type=\"button.default\">\n\t\t\t\t<div class=\"elementor-widget-container\">\n\t\t\t\t\t<div class=\"elementor-button-wrapper\">\n\t\t\t<a class=\"elementor-button elementor-button-link elementor-size-sm\" href=\"mailto:emploi@lemoliere.com\">\n\t\t\t\t\t\t<span class=\"elementor-button-content-wrapper\">\n\t\t\t\t\t\t\t\t\t<span class=\"elementor-button-text\">POSTULEZ<\/span>\n\t\t\t\t\t<\/span>\n\t\t\t\t\t<\/a>\n\t\t<\/div>\n\t\t\t\t<\/div>\n\t\t\t\t<\/div>\n\t\t\t\t\t<\/div>\n\t\t<\/div>\n\t\t\t\t<div class=\"elementor-column elementor-col-33 elementor-top-column elementor-element elementor-element-2062e80\" data-id=\"2062e80\" data-element_type=\"column\">\n\t\t\t<div class=\"elementor-widget-wrap elementor-element-populated\">\n\t\t\t\t\t\t<div class=\"elementor-element elementor-element-ae0ba65 elementor-widget elementor-widget-qi_addons_for_elementor_section_title\" data-id=\"ae0ba65\" data-element_type=\"widget\" data-widget_type=\"qi_addons_for_elementor_section_title.default\">\n\t\t\t\t<div class=\"elementor-widget-container\">\n\t\t\t<div class=\"qodef-shortcode qodef-m  qodef-qi-section-title  qodef-decoration--italic  qodef-link--underline-draw qodef-subtitle-icon--left\">\n\t\t\t\t\t\t<h4 class=\"qodef-m-title\">\n\t\tPoste 1\t<\/h4>\n\t\t\t<div class=\"qodef-m-text\"><p>Organisez votre \u00e9v\u00e9nement priv\u00e9 au restaurant Le Moli\u00e8re. Profitez d'une ambiance.<\/p><\/div>\n\t<\/div>\n\t\t<\/div>\n\t\t\t\t<\/div>\n\t\t\t\t<div class=\"elementor-element elementor-element-938c573 elementor-align-left elementor-widget elementor-widget-button\" data-id=\"938c573\" data-element_type=\"widget\" data-widget_type=\"button.default\">\n\t\t\t\t<div class=\"elementor-widget-container\">\n\t\t\t\t\t<div class=\"elementor-button-wrapper\">\n\t\t\t<a class=\"elementor-button elementor-button-link elementor-size-sm\" href=\"mailto:emploi@lemoliere.com\">\n\t\t\t\t\t\t<span class=\"elementor-button-content-wrapper\">\n\t\t\t\t\t\t\t\t\t<span class=\"elementor-button-text\">POSTULEZ<\/span>\n\t\t\t\t\t<\/span>\n\t\t\t\t\t<\/a>\n\t\t<\/div>\n\t\t\t\t<\/div>\n\t\t\t\t<\/div>\n\t\t\t\t\t<\/div>\n\t\t<\/div>\n\t\t\t\t<div class=\"elementor-column elementor-col-33 elementor-top-column elementor-element elementor-element-26f5d42\" data-id=\"26f5d42\" data-element_type=\"column\">\n\t\t\t<div class=\"elementor-widget-wrap elementor-element-populated\">\n\t\t\t\t\t\t<div class=\"elementor-element elementor-element-63a2644 elementor-widget elementor-widget-qi_addons_for_elementor_section_title\" data-id=\"63a2644\" data-element_type=\"widget\" data-widget_type=\"qi_addons_for_elementor_section_title.default\">\n\t\t\t\t<div class=\"elementor-widget-container\">\n\t\t\t<div class=\"qodef-shortcode qodef-m  qodef-qi-section-title  qodef-decoration--italic  qodef-link--underline-draw qodef-subtitle-icon--left\">\n\t\t\t\t\t\t<h4 class=\"qodef-m-title\">\n\t\tPoste 1\t<\/h4>\n\t\t\t<div class=\"qodef-m-text\"><p>Organisez votre \u00e9v\u00e9nement priv\u00e9 au restaurant Le Moli\u00e8re. Profitez d'une ambiance.<\/p><\/div>\n\t<\/div>\n\t\t<\/div>\n\t\t\t\t<\/div>\n\t\t\t\t<div class=\"elementor-element elementor-element-52b567a elementor-align-left elementor-widget elementor-widget-button\" data-id=\"52b567a\" data-element_type=\"widget\" data-widget_type=\"button.default\">\n\t\t\t\t<div class=\"elementor-widget-container\">\n\t\t\t\t\t<div class=\"elementor-button-wrapper\">\n\t\t\t<a class=\"elementor-button elementor-button-link elementor-size-sm\" href=\"mailto:emploi@lemoliere.com\">\n\t\t\t\t\t\t<span class=\"elementor-button-content-wrapper\">\n\t\t\t\t\t\t\t\t\t<span class=\"elementor-button-text\">POSTULEZ<\/span>\n\t\t\t\t\t<\/span>\n\t\t\t\t\t<\/a>\n\t\t<\/div>\n\t\t\t\t<\/div>\n\t\t\t\t<\/div>\n\t\t\t\t\t<\/div>\n\t\t<\/div>\n\t\t\t\t\t<\/div>\n\t\t<\/section>\n\t\t\t\t<section class=\"elementor-section elementor-top-section elementor-element elementor-element-d922500 elementor-section-full_width qodef-elementor-content-grid elementor-section-height-default elementor-section-height-default\" data-id=\"d922500\" data-element_type=\"section\">\n\t\t\t\t\t\t<div class=\"elementor-container elementor-column-gap-no\">\n\t\t\t\t\t<div class=\"elementor-column elementor-col-100 elementor-top-column elementor-element elementor-element-4412129\" data-id=\"4412129\" data-element_type=\"column\">\n\t\t\t<div class=\"elementor-widget-wrap\">\n\t\t\t\t\t\t\t<\/div>\n\t\t<\/div>\n\t\t\t\t\t<\/div>\n\t\t<\/section>\n\t\t\t\t<\/div>\n\t\t","protected":false},"excerpt":{"rendered":"<p>Carrers Located in the heart of the Quartier Latin, within the Espace Saint-Denis complex, our brasserie combines the elegance of French tradition with the vibrant energy of the entertainment and events world. We believe that excellence in service and a passion for gastronomy are the essential ingredients of an unforgettable experience. If you share our [&hellip;]<\/p>\n","protected":false},"author":1,"featured_media":0,"parent":0,"menu_order":0,"comment_status":"closed","ping_status":"closed","template":"qi-full-width.php","meta":{"content-type":"","footnotes":""},"class_list":["post-1001","page","type-page","status-publish","hentry"],"yoast_head":"<!-- This site is optimized with the Yoast SEO plugin v23.5 - https:\/\/yoast.com\/wordpress\/plugins\/seo\/ -->\n<title>Carrers - Le Moli\u00e8re<\/title>\n<meta name=\"robots\" content=\"index, follow, max-snippet:-1, max-image-preview:large, max-video-preview:-1\" \/>\n<link rel=\"canonical\" href=\"https:\/\/lemoliere.com\/en\/carrers\/\" \/>\n<meta property=\"og:locale\" content=\"en_US\" \/>\n<meta property=\"og:type\" content=\"article\" \/>\n<meta property=\"og:title\" content=\"Carrers - Le Moli\u00e8re\" \/>\n<meta property=\"og:description\" content=\"Carrers Located in the heart of the Quartier Latin, within the Espace Saint-Denis complex, our brasserie combines the elegance of French tradition with the vibrant energy of the entertainment and events world. We believe that excellence in service and a passion for gastronomy are the essential ingredients of an unforgettable experience. If you share our [&hellip;]\" \/>\n<meta property=\"og:url\" content=\"https:\/\/lemoliere.com\/en\/carrers\/\" \/>\n<meta property=\"og:site_name\" content=\"Le Moli\u00e8re\" \/>\n<meta property=\"article:publisher\" content=\"https:\/\/www.facebook.com\/lemolierebrasseriefrancaise\" \/>\n<meta property=\"article:modified_time\" content=\"2026-01-22T20:00:16+00:00\" \/>\n<meta property=\"og:image\" content=\"https:\/\/lemoliere.com\/wp-content\/uploads\/2024\/10\/png.jpg\" \/>\n\t<meta property=\"og:image:width\" content=\"1200\" \/>\n\t<meta property=\"og:image:height\" content=\"675\" \/>\n\t<meta property=\"og:image:type\" content=\"image\/jpeg\" \/>\n<meta name=\"twitter:card\" content=\"summary_large_image\" \/>\n<meta name=\"twitter:label1\" content=\"Est. reading time\" \/>\n\t<meta name=\"twitter:data1\" content=\"1 minute\" \/>\n<script type=\"application\/ld+json\" class=\"yoast-schema-graph\">{\"@context\":\"https:\/\/schema.org\",\"@graph\":[{\"@type\":\"WebPage\",\"@id\":\"https:\/\/lemoliere.com\/en\/carrers\/\",\"url\":\"https:\/\/lemoliere.com\/en\/carrers\/\",\"name\":\"Carrers - Le Moli\u00e8re\",\"isPartOf\":{\"@id\":\"https:\/\/lemoliere.com\/en\/#website\"},\"datePublished\":\"2026-01-22T19:58:48+00:00\",\"dateModified\":\"2026-01-22T20:00:16+00:00\",\"breadcrumb\":{\"@id\":\"https:\/\/lemoliere.com\/en\/carrers\/#breadcrumb\"},\"inLanguage\":\"en-US\",\"potentialAction\":[{\"@type\":\"ReadAction\",\"target\":[\"https:\/\/lemoliere.com\/en\/carrers\/\"]}]},{\"@type\":\"BreadcrumbList\",\"@id\":\"https:\/\/lemoliere.com\/en\/carrers\/#breadcrumb\",\"itemListElement\":[{\"@type\":\"ListItem\",\"position\":1,\"name\":\"Home\",\"item\":\"https:\/\/lemoliere.com\/en\/\"},{\"@type\":\"ListItem\",\"position\":2,\"name\":\"Carrers\"}]},{\"@type\":\"WebSite\",\"@id\":\"https:\/\/lemoliere.com\/en\/#website\",\"url\":\"https:\/\/lemoliere.com\/en\/\",\"name\":\"Le Moli\u00e8re\",\"description\":\"La nouvelle brasserie parisienne situ\u00e9e au coeur du quartier latin de Montr\u00e9al!\",\"publisher\":{\"@id\":\"https:\/\/lemoliere.com\/en\/#organization\"},\"potentialAction\":[{\"@type\":\"SearchAction\",\"target\":{\"@type\":\"EntryPoint\",\"urlTemplate\":\"https:\/\/lemoliere.com\/en\/?s={search_term_string}\"},\"query-input\":{\"@type\":\"PropertyValueSpecification\",\"valueRequired\":true,\"valueName\":\"search_term_string\"}}],\"inLanguage\":\"en-US\"},{\"@type\":\"Organization\",\"@id\":\"https:\/\/lemoliere.com\/en\/#organization\",\"name\":\"Le Moli\u00e8re\",\"url\":\"https:\/\/lemoliere.com\/en\/\",\"logo\":{\"@type\":\"ImageObject\",\"inLanguage\":\"en-US\",\"@id\":\"https:\/\/lemoliere.com\/en\/#\/schema\/logo\/image\/\",\"url\":\"https:\/\/lemoliere.com\/wp-content\/uploads\/2024\/09\/LeMoliereLogo2024.png\",\"contentUrl\":\"https:\/\/lemoliere.com\/wp-content\/uploads\/2024\/09\/LeMoliereLogo2024.png\",\"width\":1738,\"height\":451,\"caption\":\"Le Moli\u00e8re\"},\"image\":{\"@id\":\"https:\/\/lemoliere.com\/en\/#\/schema\/logo\/image\/\"},\"sameAs\":[\"https:\/\/www.facebook.com\/lemolierebrasseriefrancaise\",\"https:\/\/www.instagram.com\/lemolierebrasseriefrancaise\/\"]}]}<\/script>\n<!-- \/ Yoast SEO plugin. -->","yoast_head_json":{"title":"Carrers - Le Moli\u00e8re","robots":{"index":"index","follow":"follow","max-snippet":"max-snippet:-1","max-image-preview":"max-image-preview:large","max-video-preview":"max-video-preview:-1"},"canonical":"https:\/\/lemoliere.com\/en\/carrers\/","og_locale":"en_US","og_type":"article","og_title":"Carrers - Le Moli\u00e8re","og_description":"Carrers Located in the heart of the Quartier Latin, within the Espace Saint-Denis complex, our brasserie combines the elegance of French tradition with the vibrant energy of the entertainment and events world. We believe that excellence in service and a passion for gastronomy are the essential ingredients of an unforgettable experience. If you share our [&hellip;]","og_url":"https:\/\/lemoliere.com\/en\/carrers\/","og_site_name":"Le Moli\u00e8re","article_publisher":"https:\/\/www.facebook.com\/lemolierebrasseriefrancaise","article_modified_time":"2026-01-22T20:00:16+00:00","og_image":[{"width":1200,"height":675,"url":"https:\/\/lemoliere.com\/wp-content\/uploads\/2024\/10\/png.jpg","type":"image\/jpeg"}],"twitter_card":"summary_large_image","twitter_misc":{"Est. reading time":"1 minute"},"schema":{"@context":"https:\/\/schema.org","@graph":[{"@type":"WebPage","@id":"https:\/\/lemoliere.com\/en\/carrers\/","url":"https:\/\/lemoliere.com\/en\/carrers\/","name":"Carrers - Le Moli\u00e8re","isPartOf":{"@id":"https:\/\/lemoliere.com\/en\/#website"},"datePublished":"2026-01-22T19:58:48+00:00","dateModified":"2026-01-22T20:00:16+00:00","breadcrumb":{"@id":"https:\/\/lemoliere.com\/en\/carrers\/#breadcrumb"},"inLanguage":"en-US","potentialAction":[{"@type":"ReadAction","target":["https:\/\/lemoliere.com\/en\/carrers\/"]}]},{"@type":"BreadcrumbList","@id":"https:\/\/lemoliere.com\/en\/carrers\/#breadcrumb","itemListElement":[{"@type":"ListItem","position":1,"name":"Home","item":"https:\/\/lemoliere.com\/en\/"},{"@type":"ListItem","position":2,"name":"Carrers"}]},{"@type":"WebSite","@id":"https:\/\/lemoliere.com\/en\/#website","url":"https:\/\/lemoliere.com\/en\/","name":"Le Moli\u00e8re","description":"La nouvelle brasserie parisienne situ\u00e9e au coeur du quartier latin de Montr\u00e9al!","publisher":{"@id":"https:\/\/lemoliere.com\/en\/#organization"},"potentialAction":[{"@type":"SearchAction","target":{"@type":"EntryPoint","urlTemplate":"https:\/\/lemoliere.com\/en\/?s={search_term_string}"},"query-input":{"@type":"PropertyValueSpecification","valueRequired":true,"valueName":"search_term_string"}}],"inLanguage":"en-US"},{"@type":"Organization","@id":"https:\/\/lemoliere.com\/en\/#organization","name":"Le Moli\u00e8re","url":"https:\/\/lemoliere.com\/en\/","logo":{"@type":"ImageObject","inLanguage":"en-US","@id":"https:\/\/lemoliere.com\/en\/#\/schema\/logo\/image\/","url":"https:\/\/lemoliere.com\/wp-content\/uploads\/2024\/09\/LeMoliereLogo2024.png","contentUrl":"https:\/\/lemoliere.com\/wp-content\/uploads\/2024\/09\/LeMoliereLogo2024.png","width":1738,"height":451,"caption":"Le Moli\u00e8re"},"image":{"@id":"https:\/\/lemoliere.com\/en\/#\/schema\/logo\/image\/"},"sameAs":["https:\/\/www.facebook.com\/lemolierebrasseriefrancaise","https:\/\/www.instagram.com\/lemolierebrasseriefrancaise\/"]}]}},"featured_image_src":null,"featured_image_src_square":null,"_links":{"self":[{"href":"https:\/\/lemoliere.com\/en\/wp-json\/wp\/v2\/pages\/1001","targetHints":{"allow":["GET"]}}],"collection":[{"href":"https:\/\/lemoliere.com\/en\/wp-json\/wp\/v2\/pages"}],"about":[{"href":"https:\/\/lemoliere.com\/en\/wp-json\/wp\/v2\/types\/page"}],"author":[{"embeddable":true,"href":"https:\/\/lemoliere.com\/en\/wp-json\/wp\/v2\/users\/1"}],"replies":[{"embeddable":true,"href":"https:\/\/lemoliere.com\/en\/wp-json\/wp\/v2\/comments?post=1001"}],"version-history":[{"count":0,"href":"https:\/\/lemoliere.com\/en\/wp-json\/wp\/v2\/pages\/1001\/revisions"}],"wp:attachment":[{"href":"https:\/\/lemoliere.com\/en\/wp-json\/wp\/v2\/media?parent=1001"}],"curies":[{"name":"wp","href":"https:\/\/api.w.org\/{rel}","templated":true}]}}