{"id":1003,"date":"2026-01-22T16:39:23","date_gmt":"2026-01-22T20:39:23","guid":{"rendered":"https:\/\/molierebilingu.wpenginepowered.com\/?page_id=1003"},"modified":"2026-01-22T16:42:30","modified_gmt":"2026-01-22T20:42:30","slug":"contact","status":"publish","type":"page","link":"https:\/\/lemoliere.com\/en\/contact\/","title":{"rendered":"Contact"},"content":{"rendered":"\t\t<div data-elementor-type=\"wp-page\" data-elementor-id=\"1003\" class=\"elementor elementor-1003\">\n\t\t\t\t\t\t<section class=\"elementor-section elementor-top-section elementor-element elementor-element-e0b9dcc elementor-section-full_width qodef-elementor-content-grid elementor-section-height-default elementor-section-height-default\" data-id=\"e0b9dcc\" data-element_type=\"section\">\n\t\t\t\t\t\t<div class=\"elementor-container elementor-column-gap-no\">\n\t\t\t\t\t<div class=\"elementor-column elementor-col-33 elementor-top-column elementor-element elementor-element-cb0851e\" data-id=\"cb0851e\" data-element_type=\"column\">\n\t\t\t<div class=\"elementor-widget-wrap elementor-element-populated\">\n\t\t\t\t\t\t<div class=\"elementor-element elementor-element-cefb1c3 elementor-widget elementor-widget-qi_addons_for_elementor_section_title\" data-id=\"cefb1c3\" data-element_type=\"widget\" data-widget_type=\"qi_addons_for_elementor_section_title.default\">\n\t\t\t\t<div class=\"elementor-widget-container\">\n\t\t\t<div class=\"qodef-shortcode qodef-m  qodef-qi-section-title  qodef-decoration--italic  qodef-link--underline-draw qodef-subtitle-icon--left\">\n\t\t\t\t\t\t<h3 class=\"qodef-m-title\">\n\t\tContact us\t<\/h3>\n\t\t\t<\/div>\n\t\t<\/div>\n\t\t\t\t<\/div>\n\t\t\t\t<div class=\"elementor-element elementor-element-49f18bb elementor-widget elementor-widget-qi_addons_for_elementor_section_title\" data-id=\"49f18bb\" data-element_type=\"widget\" data-widget_type=\"qi_addons_for_elementor_section_title.default\">\n\t\t\t\t<div class=\"elementor-widget-container\">\n\t\t\t<div class=\"qodef-shortcode qodef-m  qodef-qi-section-title  qodef-decoration--italic qodef-text-link--underline qodef-link--underline-draw qodef-subtitle-icon--left\">\n\t\t\t\t\t\t<h5 class=\"qodef-m-title\">\n\t\tAddress\t<\/h5>\n\t\t\t<div class=\"qodef-m-text\"><a href=\"https:\/\/maps.app.goo.gl\/9uevMSY6PtiSNGrU6\" target=\"_blank\" rel=\"noopener\">1560 rue Saint Denis<br> \nMontreal, Qu\u00e9bec\n<br> H2X 3K3<\/a><\/div>\n\t<\/div>\n\t\t<\/div>\n\t\t\t\t<\/div>\n\t\t\t\t<div class=\"elementor-element elementor-element-749f218 elementor-widget elementor-widget-qi_addons_for_elementor_section_title\" data-id=\"749f218\" data-element_type=\"widget\" data-widget_type=\"qi_addons_for_elementor_section_title.default\">\n\t\t\t\t<div class=\"elementor-widget-container\">\n\t\t\t<div class=\"qodef-shortcode qodef-m  qodef-qi-section-title  qodef-decoration--italic qodef-text-link--underline qodef-link--underline-draw qodef-subtitle-icon--left\">\n\t\t\t\t\t\t<h5 class=\"qodef-m-title\">\n\t\tTelephone\t<\/h5>\n\t\t\t<div class=\"qodef-m-text\"><a href=\"tel:+15148499907\">(514) 849-9907<\/a><\/div>\n\t<\/div>\n\t\t<\/div>\n\t\t\t\t<\/div>\n\t\t\t\t<div class=\"elementor-element elementor-element-7af9c88 elementor-widget elementor-widget-qi_addons_for_elementor_section_title\" data-id=\"7af9c88\" data-element_type=\"widget\" data-widget_type=\"qi_addons_for_elementor_section_title.default\">\n\t\t\t\t<div class=\"elementor-widget-container\">\n\t\t\t<div class=\"qodef-shortcode qodef-m  qodef-qi-section-title  qodef-decoration--italic qodef-text-link--underline qodef-link--underline-draw qodef-subtitle-icon--left\">\n\t\t\t\t\t\t<h5 class=\"qodef-m-title\">\n\t\tEmail\t<\/h5>\n\t\t\t<div class=\"qodef-m-text\"><a href=\"mailto:info@lemoliere.com\">info@lemoliere.com<\/a><\/div>\n\t<\/div>\n\t\t<\/div>\n\t\t\t\t<\/div>\n\t\t\t\t\t<\/div>\n\t\t<\/div>\n\t\t\t\t<div class=\"elementor-column elementor-col-33 elementor-top-column elementor-element elementor-element-cfbaa91\" data-id=\"cfbaa91\" data-element_type=\"column\">\n\t\t\t<div class=\"elementor-widget-wrap elementor-element-populated\">\n\t\t\t\t\t\t<div class=\"elementor-element elementor-element-43c182c elementor-widget elementor-widget-qi_addons_for_elementor_section_title\" data-id=\"43c182c\" data-element_type=\"widget\" data-widget_type=\"qi_addons_for_elementor_section_title.default\">\n\t\t\t\t<div class=\"elementor-widget-container\">\n\t\t\t<div class=\"qodef-shortcode qodef-m  qodef-qi-section-title  qodef-decoration--italic  qodef-link--underline-draw qodef-subtitle-icon--left\">\n\t\t\t\t\t\t<h3 class=\"qodef-m-title\">\n\t\tR\u00e9servations\t<\/h3>\n\t\t\t<div class=\"qodef-m-text\"><p>Organize your private event at Le Moli\u00e8re restaurant. Enjoy an elegant atmosphere and customized service for your receptions or celebrations. Contact us to make a reservation.<\/p><\/div>\n\t<\/div>\n\t\t<\/div>\n\t\t\t\t<\/div>\n\t\t\t\t<div class=\"elementor-element elementor-element-53a9ca4 elementor-widget elementor-widget-qi_addons_for_elementor_section_title\" data-id=\"53a9ca4\" data-element_type=\"widget\" data-widget_type=\"qi_addons_for_elementor_section_title.default\">\n\t\t\t\t<div class=\"elementor-widget-container\">\n\t\t\t<div class=\"qodef-shortcode qodef-m  qodef-qi-section-title  qodef-decoration--italic qodef-text-link--underline qodef-link--underline-draw qodef-subtitle-icon--left\">\n\t\t\t\t\t\t<h5 class=\"qodef-m-title\">\n\t\tReserve a table\t<\/h5>\n\t\t\t<\/div>\n\t\t<\/div>\n\t\t\t\t<\/div>\n\t\t\t\t<div class=\"elementor-element elementor-element-ff4e8a3 elementor-align-left elementor-widget elementor-widget-button\" data-id=\"ff4e8a3\" data-element_type=\"widget\" data-widget_type=\"button.default\">\n\t\t\t\t<div class=\"elementor-widget-container\">\n\t\t\t\t\t<div class=\"elementor-button-wrapper\">\n\t\t\t<a class=\"elementor-button elementor-button-link elementor-size-sm\" href=\"https:\/\/lemoliere.com\/reservez\/\">\n\t\t\t\t\t\t<span class=\"elementor-button-content-wrapper\">\n\t\t\t\t\t\t\t\t\t<span class=\"elementor-button-text\">RESERVE NOW<\/span>\n\t\t\t\t\t<\/span>\n\t\t\t\t\t<\/a>\n\t\t<\/div>\n\t\t\t\t<\/div>\n\t\t\t\t<\/div>\n\t\t\t\t<div class=\"elementor-element elementor-element-ca6b29a elementor-widget elementor-widget-qi_addons_for_elementor_section_title\" data-id=\"ca6b29a\" data-element_type=\"widget\" data-widget_type=\"qi_addons_for_elementor_section_title.default\">\n\t\t\t\t<div class=\"elementor-widget-container\">\n\t\t\t<div class=\"qodef-shortcode qodef-m  qodef-qi-section-title  qodef-decoration--italic qodef-text-link--underline qodef-link--underline-draw qodef-subtitle-icon--left\">\n\t\t\t\t\t\t<h5 class=\"qodef-m-title\">\n\t\tGroup reservation\t<\/h5>\n\t\t\t<div class=\"qodef-m-text\"><a href=\"mailto:whitesides@lemoliere.com\">whitesides@lemoliere.com<\/a><\/div>\n\t<\/div>\n\t\t<\/div>\n\t\t\t\t<\/div>\n\t\t\t\t\t<\/div>\n\t\t<\/div>\n\t\t\t\t<div class=\"elementor-column elementor-col-33 elementor-top-column elementor-element elementor-element-9c2fa92\" data-id=\"9c2fa92\" data-element_type=\"column\">\n\t\t\t<div class=\"elementor-widget-wrap elementor-element-populated\">\n\t\t\t\t\t\t<div class=\"elementor-element elementor-element-2c2e24b elementor-widget elementor-widget-qi_addons_for_elementor_section_title\" data-id=\"2c2e24b\" data-element_type=\"widget\" data-widget_type=\"qi_addons_for_elementor_section_title.default\">\n\t\t\t\t<div class=\"elementor-widget-container\">\n\t\t\t<div class=\"qodef-shortcode qodef-m  qodef-qi-section-title  qodef-decoration--italic  qodef-link--underline-draw qodef-subtitle-icon--left\">\n\t\t\t\t\t\t<h3 class=\"qodef-m-title\">\n\t\tGift Cards\t<\/h3>\n\t\t\t<div class=\"qodef-m-text\"><p>Give a Le Moli\u00e8re restaurant gift card for a gastronomic experience in the heart of the Quartier Latin. A perfect gift for any occasion!<\/p><\/div>\n\t<\/div>\n\t\t<\/div>\n\t\t\t\t<\/div>\n\t\t\t\t<div class=\"elementor-element elementor-element-d9d1986 elementor-align-left elementor-widget elementor-widget-button\" data-id=\"d9d1986\" data-element_type=\"widget\" data-widget_type=\"button.default\">\n\t\t\t\t<div class=\"elementor-widget-container\">\n\t\t\t\t\t<div class=\"elementor-button-wrapper\">\n\t\t\t<a class=\"elementor-button elementor-button-link elementor-size-sm\" href=\"https:\/\/restaurantlemoliere.achatdecartescadeaux.com\/fr\/login\" target=\"_blank\">\n\t\t\t\t\t\t<span class=\"elementor-button-content-wrapper\">\n\t\t\t\t\t\t\t\t\t<span class=\"elementor-button-text\">BUY A GIFT CARD<\/span>\n\t\t\t\t\t<\/span>\n\t\t\t\t\t<\/a>\n\t\t<\/div>\n\t\t\t\t<\/div>\n\t\t\t\t<\/div>\n\t\t\t\t\t<\/div>\n\t\t<\/div>\n\t\t\t\t\t<\/div>\n\t\t<\/section>\n\t\t\t\t<section class=\"elementor-section elementor-top-section elementor-element elementor-element-d922500 elementor-section-full_width qodef-elementor-content-grid elementor-section-height-default elementor-section-height-default\" data-id=\"d922500\" data-element_type=\"section\">\n\t\t\t\t\t\t<div class=\"elementor-container elementor-column-gap-no\">\n\t\t\t\t\t<div class=\"elementor-column elementor-col-100 elementor-top-column elementor-element elementor-element-64547f2\" data-id=\"64547f2\" data-element_type=\"column\">\n\t\t\t<div class=\"elementor-widget-wrap elementor-element-populated\">\n\t\t\t\t\t\t<div class=\"elementor-element elementor-element-2a2c201 elementor-widget elementor-widget-qi_addons_for_elementor_section_title\" data-id=\"2a2c201\" data-element_type=\"widget\" data-widget_type=\"qi_addons_for_elementor_section_title.default\">\n\t\t\t\t<div class=\"elementor-widget-container\">\n\t\t\t<div class=\"qodef-shortcode qodef-m  qodef-qi-section-title  qodef-decoration--italic  qodef-link--underline-draw qodef-subtitle-icon--left\">\n\t\t\t\t\t\t<h3 class=\"qodef-m-title\">\n\t\tCarri\u00e8res\t<\/h3>\n\t\t\t<div class=\"qodef-m-text\"><p>Would you like to join our team? We are always looking for servers, dining room attendants, hosts, and cooks. Please send your r\u00e9sum\u00e9 by email to <a href=\"mailto:info@lemoliere.com\">info@lemoliere.com<\/a>\u00a0<\/p><\/div>\n\t<\/div>\n\t\t<\/div>\n\t\t\t\t<\/div>\n\t\t\t\t\t<\/div>\n\t\t<\/div>\n\t\t\t\t\t<\/div>\n\t\t<\/section>\n\t\t\t\t<section class=\"elementor-section elementor-top-section elementor-element elementor-element-4ebbfbb elementor-section-full_width elementor-section-height-default elementor-section-height-default qodef-elementor-content-no\" data-id=\"4ebbfbb\" data-element_type=\"section\">\n\t\t\t\t\t\t<div class=\"elementor-container elementor-column-gap-no\">\n\t\t\t\t\t<div class=\"elementor-column elementor-col-100 elementor-top-column elementor-element elementor-element-fc4be45\" data-id=\"fc4be45\" data-element_type=\"column\">\n\t\t\t<div class=\"elementor-widget-wrap elementor-element-populated\">\n\t\t\t\t\t\t<div class=\"elementor-element elementor-element-1538663 elementor-widget elementor-widget-google_maps\" data-id=\"1538663\" data-element_type=\"widget\" data-widget_type=\"google_maps.default\">\n\t\t\t\t<div class=\"elementor-widget-container\">\n\t\t\t\t\t<div class=\"elementor-custom-embed\">\n\t\t\t<iframe loading=\"lazy\"\n\t\t\t\t\tsrc=\"https:\/\/maps.google.com\/maps?q=%20Le%20Moli%C3%A8re%2C%201560%20Saint%20Denis%20St%2C%20Montreal%2C%20Quebec%20H2X%203K3&#038;t=m&#038;z=14&#038;output=embed&#038;iwloc=near\"\n\t\t\t\t\ttitle=\" Le Moli\u00e8re, 1560 Saint Denis St, Montreal, Quebec H2X 3K3\"\n\t\t\t\t\taria-label=\" Le Moli\u00e8re, 1560 Saint Denis St, Montreal, Quebec H2X 3K3\"\n\t\t\t><\/iframe>\n\t\t<\/div>\n\t\t\t\t<\/div>\n\t\t\t\t<\/div>\n\t\t\t\t\t<\/div>\n\t\t<\/div>\n\t\t\t\t\t<\/div>\n\t\t<\/section>\n\t\t\t\t<\/div>\n\t\t","protected":false},"excerpt":{"rendered":"<p>Contact us Address 1560 rue Saint Denis Montreal, Qu\u00e9bec H2X 3K3 Telephone (514) 849-9907 Email info@lemoliere.com R\u00e9servations Organize your private event at Le Moli\u00e8re restaurant. Enjoy an elegant atmosphere and customized service for your receptions or celebrations. Contact us to make a reservation. Reserve a table RESERVE NOW Group reservation whitesides@lemoliere.com Gift Cards Give a [&hellip;]<\/p>\n","protected":false},"author":1,"featured_media":0,"parent":0,"menu_order":0,"comment_status":"closed","ping_status":"closed","template":"qi-full-width.php","meta":{"content-type":"","footnotes":""},"class_list":["post-1003","page","type-page","status-publish","hentry"],"yoast_head":"<!-- This site is optimized with the Yoast SEO plugin v23.5 - https:\/\/yoast.com\/wordpress\/plugins\/seo\/ -->\n<title>Contact - Le Moli\u00e8re<\/title>\n<meta name=\"robots\" content=\"index, follow, max-snippet:-1, max-image-preview:large, max-video-preview:-1\" \/>\n<link rel=\"canonical\" href=\"https:\/\/lemoliere.com\/en\/contact\/\" \/>\n<meta property=\"og:locale\" content=\"en_US\" \/>\n<meta property=\"og:type\" content=\"article\" \/>\n<meta property=\"og:title\" content=\"Contact - Le Moli\u00e8re\" \/>\n<meta property=\"og:description\" content=\"Contact us Address 1560 rue Saint Denis Montreal, Qu\u00e9bec H2X 3K3 Telephone (514) 849-9907 Email info@lemoliere.com R\u00e9servations Organize your private event at Le Moli\u00e8re restaurant. Enjoy an elegant atmosphere and customized service for your receptions or celebrations. Contact us to make a reservation. Reserve a table RESERVE NOW Group reservation whitesides@lemoliere.com Gift Cards Give a [&hellip;]\" \/>\n<meta property=\"og:url\" content=\"https:\/\/lemoliere.com\/en\/contact\/\" \/>\n<meta property=\"og:site_name\" content=\"Le Moli\u00e8re\" \/>\n<meta property=\"article:publisher\" content=\"https:\/\/www.facebook.com\/lemolierebrasseriefrancaise\" \/>\n<meta property=\"article:modified_time\" content=\"2026-01-22T20:42:30+00:00\" \/>\n<meta property=\"og:image\" content=\"https:\/\/lemoliere.com\/wp-content\/uploads\/2024\/10\/png.jpg\" \/>\n\t<meta property=\"og:image:width\" content=\"1200\" \/>\n\t<meta property=\"og:image:height\" content=\"675\" \/>\n\t<meta property=\"og:image:type\" content=\"image\/jpeg\" \/>\n<meta name=\"twitter:card\" content=\"summary_large_image\" \/>\n<meta name=\"twitter:label1\" content=\"Est. reading time\" \/>\n\t<meta name=\"twitter:data1\" content=\"1 minute\" \/>\n<script type=\"application\/ld+json\" class=\"yoast-schema-graph\">{\"@context\":\"https:\/\/schema.org\",\"@graph\":[{\"@type\":\"WebPage\",\"@id\":\"https:\/\/lemoliere.com\/en\/contact\/\",\"url\":\"https:\/\/lemoliere.com\/en\/contact\/\",\"name\":\"Contact - Le Moli\u00e8re\",\"isPartOf\":{\"@id\":\"https:\/\/lemoliere.com\/en\/#website\"},\"datePublished\":\"2026-01-22T20:39:23+00:00\",\"dateModified\":\"2026-01-22T20:42:30+00:00\",\"breadcrumb\":{\"@id\":\"https:\/\/lemoliere.com\/en\/contact\/#breadcrumb\"},\"inLanguage\":\"en-US\",\"potentialAction\":[{\"@type\":\"ReadAction\",\"target\":[\"https:\/\/lemoliere.com\/en\/contact\/\"]}]},{\"@type\":\"BreadcrumbList\",\"@id\":\"https:\/\/lemoliere.com\/en\/contact\/#breadcrumb\",\"itemListElement\":[{\"@type\":\"ListItem\",\"position\":1,\"name\":\"Home\",\"item\":\"https:\/\/lemoliere.com\/en\/\"},{\"@type\":\"ListItem\",\"position\":2,\"name\":\"Contact\"}]},{\"@type\":\"WebSite\",\"@id\":\"https:\/\/lemoliere.com\/en\/#website\",\"url\":\"https:\/\/lemoliere.com\/en\/\",\"name\":\"Le Moli\u00e8re\",\"description\":\"La nouvelle brasserie parisienne situ\u00e9e au coeur du quartier latin de Montr\u00e9al!\",\"publisher\":{\"@id\":\"https:\/\/lemoliere.com\/en\/#organization\"},\"potentialAction\":[{\"@type\":\"SearchAction\",\"target\":{\"@type\":\"EntryPoint\",\"urlTemplate\":\"https:\/\/lemoliere.com\/en\/?s={search_term_string}\"},\"query-input\":{\"@type\":\"PropertyValueSpecification\",\"valueRequired\":true,\"valueName\":\"search_term_string\"}}],\"inLanguage\":\"en-US\"},{\"@type\":\"Organization\",\"@id\":\"https:\/\/lemoliere.com\/en\/#organization\",\"name\":\"Le Moli\u00e8re\",\"url\":\"https:\/\/lemoliere.com\/en\/\",\"logo\":{\"@type\":\"ImageObject\",\"inLanguage\":\"en-US\",\"@id\":\"https:\/\/lemoliere.com\/en\/#\/schema\/logo\/image\/\",\"url\":\"https:\/\/lemoliere.com\/wp-content\/uploads\/2024\/09\/LeMoliereLogo2024.png\",\"contentUrl\":\"https:\/\/lemoliere.com\/wp-content\/uploads\/2024\/09\/LeMoliereLogo2024.png\",\"width\":1738,\"height\":451,\"caption\":\"Le Moli\u00e8re\"},\"image\":{\"@id\":\"https:\/\/lemoliere.com\/en\/#\/schema\/logo\/image\/\"},\"sameAs\":[\"https:\/\/www.facebook.com\/lemolierebrasseriefrancaise\",\"https:\/\/www.instagram.com\/lemolierebrasseriefrancaise\/\"]}]}<\/script>\n<!-- \/ Yoast SEO plugin. -->","yoast_head_json":{"title":"Contact - Le Moli\u00e8re","robots":{"index":"index","follow":"follow","max-snippet":"max-snippet:-1","max-image-preview":"max-image-preview:large","max-video-preview":"max-video-preview:-1"},"canonical":"https:\/\/lemoliere.com\/en\/contact\/","og_locale":"en_US","og_type":"article","og_title":"Contact - Le Moli\u00e8re","og_description":"Contact us Address 1560 rue Saint Denis Montreal, Qu\u00e9bec H2X 3K3 Telephone (514) 849-9907 Email info@lemoliere.com R\u00e9servations Organize your private event at Le Moli\u00e8re restaurant. Enjoy an elegant atmosphere and customized service for your receptions or celebrations. Contact us to make a reservation. Reserve a table RESERVE NOW Group reservation whitesides@lemoliere.com Gift Cards Give a [&hellip;]","og_url":"https:\/\/lemoliere.com\/en\/contact\/","og_site_name":"Le Moli\u00e8re","article_publisher":"https:\/\/www.facebook.com\/lemolierebrasseriefrancaise","article_modified_time":"2026-01-22T20:42:30+00:00","og_image":[{"width":1200,"height":675,"url":"https:\/\/lemoliere.com\/wp-content\/uploads\/2024\/10\/png.jpg","type":"image\/jpeg"}],"twitter_card":"summary_large_image","twitter_misc":{"Est. reading time":"1 minute"},"schema":{"@context":"https:\/\/schema.org","@graph":[{"@type":"WebPage","@id":"https:\/\/lemoliere.com\/en\/contact\/","url":"https:\/\/lemoliere.com\/en\/contact\/","name":"Contact - Le Moli\u00e8re","isPartOf":{"@id":"https:\/\/lemoliere.com\/en\/#website"},"datePublished":"2026-01-22T20:39:23+00:00","dateModified":"2026-01-22T20:42:30+00:00","breadcrumb":{"@id":"https:\/\/lemoliere.com\/en\/contact\/#breadcrumb"},"inLanguage":"en-US","potentialAction":[{"@type":"ReadAction","target":["https:\/\/lemoliere.com\/en\/contact\/"]}]},{"@type":"BreadcrumbList","@id":"https:\/\/lemoliere.com\/en\/contact\/#breadcrumb","itemListElement":[{"@type":"ListItem","position":1,"name":"Home","item":"https:\/\/lemoliere.com\/en\/"},{"@type":"ListItem","position":2,"name":"Contact"}]},{"@type":"WebSite","@id":"https:\/\/lemoliere.com\/en\/#website","url":"https:\/\/lemoliere.com\/en\/","name":"Le Moli\u00e8re","description":"La nouvelle brasserie parisienne situ\u00e9e au coeur du quartier latin de Montr\u00e9al!","publisher":{"@id":"https:\/\/lemoliere.com\/en\/#organization"},"potentialAction":[{"@type":"SearchAction","target":{"@type":"EntryPoint","urlTemplate":"https:\/\/lemoliere.com\/en\/?s={search_term_string}"},"query-input":{"@type":"PropertyValueSpecification","valueRequired":true,"valueName":"search_term_string"}}],"inLanguage":"en-US"},{"@type":"Organization","@id":"https:\/\/lemoliere.com\/en\/#organization","name":"Le Moli\u00e8re","url":"https:\/\/lemoliere.com\/en\/","logo":{"@type":"ImageObject","inLanguage":"en-US","@id":"https:\/\/lemoliere.com\/en\/#\/schema\/logo\/image\/","url":"https:\/\/lemoliere.com\/wp-content\/uploads\/2024\/09\/LeMoliereLogo2024.png","contentUrl":"https:\/\/lemoliere.com\/wp-content\/uploads\/2024\/09\/LeMoliereLogo2024.png","width":1738,"height":451,"caption":"Le Moli\u00e8re"},"image":{"@id":"https:\/\/lemoliere.com\/en\/#\/schema\/logo\/image\/"},"sameAs":["https:\/\/www.facebook.com\/lemolierebrasseriefrancaise","https:\/\/www.instagram.com\/lemolierebrasseriefrancaise\/"]}]}},"featured_image_src":null,"featured_image_src_square":null,"_links":{"self":[{"href":"https:\/\/lemoliere.com\/en\/wp-json\/wp\/v2\/pages\/1003","targetHints":{"allow":["GET"]}}],"collection":[{"href":"https:\/\/lemoliere.com\/en\/wp-json\/wp\/v2\/pages"}],"about":[{"href":"https:\/\/lemoliere.com\/en\/wp-json\/wp\/v2\/types\/page"}],"author":[{"embeddable":true,"href":"https:\/\/lemoliere.com\/en\/wp-json\/wp\/v2\/users\/1"}],"replies":[{"embeddable":true,"href":"https:\/\/lemoliere.com\/en\/wp-json\/wp\/v2\/comments?post=1003"}],"version-history":[{"count":0,"href":"https:\/\/lemoliere.com\/en\/wp-json\/wp\/v2\/pages\/1003\/revisions"}],"wp:attachment":[{"href":"https:\/\/lemoliere.com\/en\/wp-json\/wp\/v2\/media?parent=1003"}],"curies":[{"name":"wp","href":"https:\/\/api.w.org\/{rel}","templated":true}]}}