{"id":1006,"date":"2026-01-22T16:44:37","date_gmt":"2026-01-22T20:44:37","guid":{"rendered":"https:\/\/molierebilingu.wpenginepowered.com\/?page_id=1006"},"modified":"2026-01-22T16:47:12","modified_gmt":"2026-01-22T20:47:12","slug":"reservation","status":"publish","type":"page","link":"https:\/\/lemoliere.com\/en\/reservation\/","title":{"rendered":"Reservation"},"content":{"rendered":"\t\t<div data-elementor-type=\"wp-page\" data-elementor-id=\"1006\" class=\"elementor elementor-1006\">\n\t\t\t\t\t\t<section class=\"elementor-section elementor-top-section elementor-element elementor-element-6706be50 elementor-section-full_width qodef-elementor-content-grid elementor-section-height-default elementor-section-height-default\" data-id=\"6706be50\" data-element_type=\"section\">\n\t\t\t\t\t\t<div class=\"elementor-container elementor-column-gap-no\">\n\t\t\t\t\t<div class=\"elementor-column elementor-col-100 elementor-top-column elementor-element elementor-element-cfaca11\" data-id=\"cfaca11\" data-element_type=\"column\">\n\t\t\t<div class=\"elementor-widget-wrap elementor-element-populated\">\n\t\t\t\t\t\t<div class=\"elementor-element elementor-element-fd055ec elementor-widget elementor-widget-html\" data-id=\"fd055ec\" data-element_type=\"widget\" data-widget_type=\"html.default\">\n\t\t\t\t<div class=\"elementor-widget-container\">\n\t\t\t<iframe src=\"https:\/\/widgets.libroreserve.com\/WEB\/QC016644826830\/book\" border=\"0\" style=\"width: 100%; height: 1600px;\"><\/iframe>\t\t<\/div>\n\t\t\t\t<\/div>\n\t\t\t\t<div class=\"elementor-element elementor-element-59a0132d elementor-widget elementor-widget-qi_addons_for_elementor_section_title\" data-id=\"59a0132d\" data-element_type=\"widget\" data-widget_type=\"qi_addons_for_elementor_section_title.default\">\n\t\t\t\t<div class=\"elementor-widget-container\">\n\t\t\t<div class=\"qodef-shortcode qodef-m  qodef-qi-section-title  qodef-decoration--italic  qodef-link--underline-draw qodef-subtitle-icon--left\">\n\t\t\t\t\t\t\t\t<div class=\"qodef-m-text\"><p>Reserve your table at Le Moli\u00e8re Restaurant and enjoy an authentic French gastronomic experience in the heart of the Quartier Latin on Saint-Denis Street. Whether for an intimate meal or a special occasion, book online or by phone.<\/p><\/div>\n\t<\/div>\n\t\t<\/div>\n\t\t\t\t<\/div>\n\t\t\t\t\t<\/div>\n\t\t<\/div>\n\t\t\t\t\t<\/div>\n\t\t<\/section>\n\t\t\t\t<section class=\"elementor-section elementor-top-section elementor-element elementor-element-169b307b elementor-section-full_width elementor-section-height-default elementor-section-height-default qodef-elementor-content-no\" data-id=\"169b307b\" data-element_type=\"section\" data-settings=\"{&quot;background_background&quot;:&quot;classic&quot;}\">\n\t\t\t\t\t\t<div class=\"elementor-container elementor-column-gap-default\">\n\t\t\t\t\t<div class=\"elementor-column elementor-col-100 elementor-top-column elementor-element elementor-element-536470c8\" data-id=\"536470c8\" data-element_type=\"column\">\n\t\t\t<div class=\"elementor-widget-wrap elementor-element-populated\">\n\t\t\t\t\t\t<div class=\"elementor-element elementor-element-39660a16 elementor-widget elementor-widget-image\" data-id=\"39660a16\" data-element_type=\"widget\" data-widget_type=\"image.default\">\n\t\t\t\t<div class=\"elementor-widget-container\">\n\t\t\t\t\t\t\t\t\t\t\t\t\t<img decoding=\"async\" src=\"https:\/\/lemoliere.com\/wp-content\/uploads\/2020\/10\/quote.png\" title=\"\" alt=\"\" loading=\"lazy\" \/>\t\t\t\t\t\t\t\t\t\t\t\t\t<\/div>\n\t\t\t\t<\/div>\n\t\t\t\t<div class=\"elementor-element elementor-element-78ebede3 elementor-widget elementor-widget-qi_addons_for_elementor_section_title\" data-id=\"78ebede3\" data-element_type=\"widget\" data-widget_type=\"qi_addons_for_elementor_section_title.default\">\n\t\t\t\t<div class=\"elementor-widget-container\">\n\t\t\t<div class=\"qodef-shortcode qodef-m  qodef-qi-section-title  qodef-decoration--italic  qodef-link--underline-draw qodef-subtitle-icon--left\">\n\t\t\t<h4 class=\"qodef-m-title\">\n\t\tI really enjoyed it \u2014 fast and efficient service, very beautiful restaurant.\t<\/h4>\n\t\t\t\t<h5 class=\"qodef-m-subtitle\">\n\t\t- Boris, Restomontreal.ca\t\t\t<\/h5>\n\t\t\t<\/div>\n\t\t<\/div>\n\t\t\t\t<\/div>\n\t\t\t\t\t<\/div>\n\t\t<\/div>\n\t\t\t\t\t<\/div>\n\t\t<\/section>\n\t\t\t\t<\/div>\n\t\t","protected":false},"excerpt":{"rendered":"<p>Reserve your table at Le Moli\u00e8re Restaurant and enjoy an authentic French gastronomic experience in the heart of the Quartier Latin on Saint-Denis Street. Whether for an intimate meal or a special occasion, book online or by phone. I really enjoyed it \u2014 fast and efficient service, very beautiful restaurant. &#8211; Boris, Restomontreal.ca<\/p>\n","protected":false},"author":1,"featured_media":0,"parent":0,"menu_order":0,"comment_status":"closed","ping_status":"closed","template":"qi-full-width.php","meta":{"content-type":"","footnotes":""},"class_list":["post-1006","page","type-page","status-publish","hentry"],"yoast_head":"<!-- This site is optimized with the Yoast SEO plugin v23.5 - https:\/\/yoast.com\/wordpress\/plugins\/seo\/ -->\n<title>Reservation - Le Moli\u00e8re<\/title>\n<meta name=\"robots\" content=\"index, follow, max-snippet:-1, max-image-preview:large, max-video-preview:-1\" \/>\n<link rel=\"canonical\" href=\"https:\/\/lemoliere.com\/en\/reservation\/\" \/>\n<meta property=\"og:locale\" content=\"en_US\" \/>\n<meta property=\"og:type\" content=\"article\" \/>\n<meta property=\"og:title\" content=\"Reservation - Le Moli\u00e8re\" \/>\n<meta property=\"og:description\" content=\"Reserve your table at Le Moli\u00e8re Restaurant and enjoy an authentic French gastronomic experience in the heart of the Quartier Latin on Saint-Denis Street. Whether for an intimate meal or a special occasion, book online or by phone. I really enjoyed it \u2014 fast and efficient service, very beautiful restaurant. &#8211; Boris, Restomontreal.ca\" \/>\n<meta property=\"og:url\" content=\"https:\/\/lemoliere.com\/en\/reservation\/\" \/>\n<meta property=\"og:site_name\" content=\"Le Moli\u00e8re\" \/>\n<meta property=\"article:publisher\" content=\"https:\/\/www.facebook.com\/lemolierebrasseriefrancaise\" \/>\n<meta property=\"article:modified_time\" content=\"2026-01-22T20:47:12+00:00\" \/>\n<meta property=\"og:image\" content=\"https:\/\/lemoliere.com\/wp-content\/uploads\/2020\/10\/quote.png\" \/>\n<meta name=\"twitter:card\" content=\"summary_large_image\" \/>\n<meta name=\"twitter:label1\" content=\"Est. reading time\" \/>\n\t<meta name=\"twitter:data1\" content=\"1 minute\" \/>\n<script type=\"application\/ld+json\" class=\"yoast-schema-graph\">{\"@context\":\"https:\/\/schema.org\",\"@graph\":[{\"@type\":\"WebPage\",\"@id\":\"https:\/\/lemoliere.com\/en\/reservation\/\",\"url\":\"https:\/\/lemoliere.com\/en\/reservation\/\",\"name\":\"Reservation - Le Moli\u00e8re\",\"isPartOf\":{\"@id\":\"https:\/\/lemoliere.com\/en\/#website\"},\"primaryImageOfPage\":{\"@id\":\"https:\/\/lemoliere.com\/en\/reservation\/#primaryimage\"},\"image\":{\"@id\":\"https:\/\/lemoliere.com\/en\/reservation\/#primaryimage\"},\"thumbnailUrl\":\"https:\/\/lemoliere.com\/wp-content\/uploads\/2020\/10\/quote.png\",\"datePublished\":\"2026-01-22T20:44:37+00:00\",\"dateModified\":\"2026-01-22T20:47:12+00:00\",\"breadcrumb\":{\"@id\":\"https:\/\/lemoliere.com\/en\/reservation\/#breadcrumb\"},\"inLanguage\":\"en-US\",\"potentialAction\":[{\"@type\":\"ReadAction\",\"target\":[\"https:\/\/lemoliere.com\/en\/reservation\/\"]}]},{\"@type\":\"ImageObject\",\"inLanguage\":\"en-US\",\"@id\":\"https:\/\/lemoliere.com\/en\/reservation\/#primaryimage\",\"url\":\"https:\/\/lemoliere.com\/wp-content\/uploads\/2020\/10\/quote.png\",\"contentUrl\":\"https:\/\/lemoliere.com\/wp-content\/uploads\/2020\/10\/quote.png\"},{\"@type\":\"BreadcrumbList\",\"@id\":\"https:\/\/lemoliere.com\/en\/reservation\/#breadcrumb\",\"itemListElement\":[{\"@type\":\"ListItem\",\"position\":1,\"name\":\"Home\",\"item\":\"https:\/\/lemoliere.com\/en\/\"},{\"@type\":\"ListItem\",\"position\":2,\"name\":\"Reservation\"}]},{\"@type\":\"WebSite\",\"@id\":\"https:\/\/lemoliere.com\/en\/#website\",\"url\":\"https:\/\/lemoliere.com\/en\/\",\"name\":\"Le Moli\u00e8re\",\"description\":\"La nouvelle brasserie parisienne situ\u00e9e au coeur du quartier latin de Montr\u00e9al!\",\"publisher\":{\"@id\":\"https:\/\/lemoliere.com\/en\/#organization\"},\"potentialAction\":[{\"@type\":\"SearchAction\",\"target\":{\"@type\":\"EntryPoint\",\"urlTemplate\":\"https:\/\/lemoliere.com\/en\/?s={search_term_string}\"},\"query-input\":{\"@type\":\"PropertyValueSpecification\",\"valueRequired\":true,\"valueName\":\"search_term_string\"}}],\"inLanguage\":\"en-US\"},{\"@type\":\"Organization\",\"@id\":\"https:\/\/lemoliere.com\/en\/#organization\",\"name\":\"Le Moli\u00e8re\",\"url\":\"https:\/\/lemoliere.com\/en\/\",\"logo\":{\"@type\":\"ImageObject\",\"inLanguage\":\"en-US\",\"@id\":\"https:\/\/lemoliere.com\/en\/#\/schema\/logo\/image\/\",\"url\":\"https:\/\/lemoliere.com\/wp-content\/uploads\/2024\/09\/LeMoliereLogo2024.png\",\"contentUrl\":\"https:\/\/lemoliere.com\/wp-content\/uploads\/2024\/09\/LeMoliereLogo2024.png\",\"width\":1738,\"height\":451,\"caption\":\"Le Moli\u00e8re\"},\"image\":{\"@id\":\"https:\/\/lemoliere.com\/en\/#\/schema\/logo\/image\/\"},\"sameAs\":[\"https:\/\/www.facebook.com\/lemolierebrasseriefrancaise\",\"https:\/\/www.instagram.com\/lemolierebrasseriefrancaise\/\"]}]}<\/script>\n<!-- \/ Yoast SEO plugin. -->","yoast_head_json":{"title":"Reservation - Le Moli\u00e8re","robots":{"index":"index","follow":"follow","max-snippet":"max-snippet:-1","max-image-preview":"max-image-preview:large","max-video-preview":"max-video-preview:-1"},"canonical":"https:\/\/lemoliere.com\/en\/reservation\/","og_locale":"en_US","og_type":"article","og_title":"Reservation - Le Moli\u00e8re","og_description":"Reserve your table at Le Moli\u00e8re Restaurant and enjoy an authentic French gastronomic experience in the heart of the Quartier Latin on Saint-Denis Street. Whether for an intimate meal or a special occasion, book online or by phone. I really enjoyed it \u2014 fast and efficient service, very beautiful restaurant. &#8211; Boris, Restomontreal.ca","og_url":"https:\/\/lemoliere.com\/en\/reservation\/","og_site_name":"Le Moli\u00e8re","article_publisher":"https:\/\/www.facebook.com\/lemolierebrasseriefrancaise","article_modified_time":"2026-01-22T20:47:12+00:00","og_image":[{"url":"https:\/\/lemoliere.com\/wp-content\/uploads\/2020\/10\/quote.png"}],"twitter_card":"summary_large_image","twitter_misc":{"Est. reading time":"1 minute"},"schema":{"@context":"https:\/\/schema.org","@graph":[{"@type":"WebPage","@id":"https:\/\/lemoliere.com\/en\/reservation\/","url":"https:\/\/lemoliere.com\/en\/reservation\/","name":"Reservation - Le Moli\u00e8re","isPartOf":{"@id":"https:\/\/lemoliere.com\/en\/#website"},"primaryImageOfPage":{"@id":"https:\/\/lemoliere.com\/en\/reservation\/#primaryimage"},"image":{"@id":"https:\/\/lemoliere.com\/en\/reservation\/#primaryimage"},"thumbnailUrl":"https:\/\/lemoliere.com\/wp-content\/uploads\/2020\/10\/quote.png","datePublished":"2026-01-22T20:44:37+00:00","dateModified":"2026-01-22T20:47:12+00:00","breadcrumb":{"@id":"https:\/\/lemoliere.com\/en\/reservation\/#breadcrumb"},"inLanguage":"en-US","potentialAction":[{"@type":"ReadAction","target":["https:\/\/lemoliere.com\/en\/reservation\/"]}]},{"@type":"ImageObject","inLanguage":"en-US","@id":"https:\/\/lemoliere.com\/en\/reservation\/#primaryimage","url":"https:\/\/lemoliere.com\/wp-content\/uploads\/2020\/10\/quote.png","contentUrl":"https:\/\/lemoliere.com\/wp-content\/uploads\/2020\/10\/quote.png"},{"@type":"BreadcrumbList","@id":"https:\/\/lemoliere.com\/en\/reservation\/#breadcrumb","itemListElement":[{"@type":"ListItem","position":1,"name":"Home","item":"https:\/\/lemoliere.com\/en\/"},{"@type":"ListItem","position":2,"name":"Reservation"}]},{"@type":"WebSite","@id":"https:\/\/lemoliere.com\/en\/#website","url":"https:\/\/lemoliere.com\/en\/","name":"Le Moli\u00e8re","description":"La nouvelle brasserie parisienne situ\u00e9e au coeur du quartier latin de Montr\u00e9al!","publisher":{"@id":"https:\/\/lemoliere.com\/en\/#organization"},"potentialAction":[{"@type":"SearchAction","target":{"@type":"EntryPoint","urlTemplate":"https:\/\/lemoliere.com\/en\/?s={search_term_string}"},"query-input":{"@type":"PropertyValueSpecification","valueRequired":true,"valueName":"search_term_string"}}],"inLanguage":"en-US"},{"@type":"Organization","@id":"https:\/\/lemoliere.com\/en\/#organization","name":"Le Moli\u00e8re","url":"https:\/\/lemoliere.com\/en\/","logo":{"@type":"ImageObject","inLanguage":"en-US","@id":"https:\/\/lemoliere.com\/en\/#\/schema\/logo\/image\/","url":"https:\/\/lemoliere.com\/wp-content\/uploads\/2024\/09\/LeMoliereLogo2024.png","contentUrl":"https:\/\/lemoliere.com\/wp-content\/uploads\/2024\/09\/LeMoliereLogo2024.png","width":1738,"height":451,"caption":"Le Moli\u00e8re"},"image":{"@id":"https:\/\/lemoliere.com\/en\/#\/schema\/logo\/image\/"},"sameAs":["https:\/\/www.facebook.com\/lemolierebrasseriefrancaise","https:\/\/www.instagram.com\/lemolierebrasseriefrancaise\/"]}]}},"featured_image_src":null,"featured_image_src_square":null,"_links":{"self":[{"href":"https:\/\/lemoliere.com\/en\/wp-json\/wp\/v2\/pages\/1006","targetHints":{"allow":["GET"]}}],"collection":[{"href":"https:\/\/lemoliere.com\/en\/wp-json\/wp\/v2\/pages"}],"about":[{"href":"https:\/\/lemoliere.com\/en\/wp-json\/wp\/v2\/types\/page"}],"author":[{"embeddable":true,"href":"https:\/\/lemoliere.com\/en\/wp-json\/wp\/v2\/users\/1"}],"replies":[{"embeddable":true,"href":"https:\/\/lemoliere.com\/en\/wp-json\/wp\/v2\/comments?post=1006"}],"version-history":[{"count":0,"href":"https:\/\/lemoliere.com\/en\/wp-json\/wp\/v2\/pages\/1006\/revisions"}],"wp:attachment":[{"href":"https:\/\/lemoliere.com\/en\/wp-json\/wp\/v2\/media?parent=1006"}],"curies":[{"name":"wp","href":"https:\/\/api.w.org\/{rel}","templated":true}]}}