{"id":1012,"date":"2026-01-22T16:58:42","date_gmt":"2026-01-22T20:58:42","guid":{"rendered":"https:\/\/molierebilingu.wpenginepowered.com\/?page_id=1012"},"modified":"2026-01-22T17:02:53","modified_gmt":"2026-01-22T21:02:53","slug":"private-dining","status":"publish","type":"page","link":"https:\/\/lemoliere.com\/en\/private-dining\/","title":{"rendered":"Private Dining"},"content":{"rendered":"\t\t<div data-elementor-type=\"wp-page\" data-elementor-id=\"1012\" class=\"elementor elementor-1012\">\n\t\t\t\t\t\t<section class=\"elementor-section elementor-top-section elementor-element elementor-element-6706be50 elementor-section-full_width qodef-elementor-content-grid elementor-section-height-default elementor-section-height-default\" data-id=\"6706be50\" data-element_type=\"section\">\n\t\t\t\t\t\t<div class=\"elementor-container elementor-column-gap-no\">\n\t\t\t\t\t<div class=\"elementor-column elementor-col-50 elementor-top-column elementor-element elementor-element-3ae4a43f elementor-hidden-tablet elementor-hidden-mobile\" data-id=\"3ae4a43f\" data-element_type=\"column\" data-settings=\"{&quot;background_background&quot;:&quot;slideshow&quot;,&quot;background_slideshow_gallery&quot;:[],&quot;background_slideshow_loop&quot;:&quot;yes&quot;,&quot;background_slideshow_slide_duration&quot;:5000,&quot;background_slideshow_slide_transition&quot;:&quot;fade&quot;,&quot;background_slideshow_transition_duration&quot;:500}\">\n\t\t\t<div class=\"elementor-widget-wrap elementor-element-populated\">\n\t\t\t\t\t\t<div class=\"elementor-element elementor-element-6de74e96 elementor-widget elementor-widget-image\" data-id=\"6de74e96\" data-element_type=\"widget\" data-widget_type=\"image.default\">\n\t\t\t\t<div class=\"elementor-widget-container\">\n\t\t\t\t\t\t\t\t\t\t\t\t\t<img fetchpriority=\"high\" decoding=\"async\" width=\"2000\" height=\"1500\" src=\"https:\/\/lemoliere.com\/wp-content\/uploads\/2024\/09\/IMG_2600-1.jpg\" class=\"attachment-full size-full wp-image-875\" alt=\"\" srcset=\"https:\/\/lemoliere.com\/wp-content\/uploads\/2024\/09\/IMG_2600-1.jpg 2000w, https:\/\/lemoliere.com\/wp-content\/uploads\/2024\/09\/IMG_2600-1-300x225.jpg 300w, https:\/\/lemoliere.com\/wp-content\/uploads\/2024\/09\/IMG_2600-1-1024x768.jpg 1024w, https:\/\/lemoliere.com\/wp-content\/uploads\/2024\/09\/IMG_2600-1-768x576.jpg 768w, https:\/\/lemoliere.com\/wp-content\/uploads\/2024\/09\/IMG_2600-1-1536x1152.jpg 1536w\" sizes=\"(max-width: 2000px) 100vw, 2000px\" \/>\t\t\t\t\t\t\t\t\t\t\t\t\t<\/div>\n\t\t\t\t<\/div>\n\t\t\t\t\t<\/div>\n\t\t<\/div>\n\t\t\t\t<div class=\"elementor-column elementor-col-50 elementor-top-column elementor-element elementor-element-cfaca11\" data-id=\"cfaca11\" data-element_type=\"column\">\n\t\t\t<div class=\"elementor-widget-wrap elementor-element-populated\">\n\t\t\t\t\t\t<div class=\"elementor-element elementor-element-59a0132d elementor-widget elementor-widget-qi_addons_for_elementor_section_title\" data-id=\"59a0132d\" data-element_type=\"widget\" data-widget_type=\"qi_addons_for_elementor_section_title.default\">\n\t\t\t\t<div class=\"elementor-widget-container\">\n\t\t\t<div class=\"qodef-shortcode qodef-m  qodef-qi-section-title  qodef-decoration--italic  qodef-link--underline-draw qodef-subtitle-icon--left\">\n\t\t\t<h4 class=\"qodef-m-title\">\n\t\tDiscover our private lounge, \u201cLe Cellier.\u201d\t<\/h4>\n\t\t\t\t<p class=\"qodef-m-subtitle\">\n\t\tLe Cellier can accommodate up to 50 people.\t\t\t<\/p>\n\t\t\t<div class=\"qodef-m-text\"><p>Le Moli\u00e8re offers its private lounge, \u201cLe Cellier,\u201d for your private events. Several configurations are available, including round tables for 6 or 8 guests, high tables, or classroom-style seating.<\/p><\/div>\n\t<\/div>\n\t\t<\/div>\n\t\t\t\t<\/div>\n\t\t\t\t<div class=\"elementor-element elementor-element-eae4898 elementor-align-left elementor-widget elementor-widget-button\" data-id=\"eae4898\" data-element_type=\"widget\" data-widget_type=\"button.default\">\n\t\t\t\t<div class=\"elementor-widget-container\">\n\t\t\t\t\t<div class=\"elementor-button-wrapper\">\n\t\t\t<a class=\"elementor-button elementor-button-link elementor-size-sm\" href=\"mailto:whitesides@lemoliere.com\">\n\t\t\t\t\t\t<span class=\"elementor-button-content-wrapper\">\n\t\t\t\t\t\t\t\t\t<span class=\"elementor-button-text\">MORE INFO<\/span>\n\t\t\t\t\t<\/span>\n\t\t\t\t\t<\/a>\n\t\t<\/div>\n\t\t\t\t<\/div>\n\t\t\t\t<\/div>\n\t\t\t\t<div class=\"elementor-element elementor-element-82a2108 elementor-align-left elementor-widget elementor-widget-button\" data-id=\"82a2108\" data-element_type=\"widget\" data-widget_type=\"button.default\">\n\t\t\t\t<div class=\"elementor-widget-container\">\n\t\t\t\t\t<div class=\"elementor-button-wrapper\">\n\t\t\t<a class=\"elementor-button elementor-button-link elementor-size-sm\" href=\"https:\/\/www.google.com\/maps\/@45.5142278,-73.5625808,3a,75y,211.13h,78.27t\/data=!3m7!1e1!3m5!1sAF1QipPXwGcDAB0kff3KAk0-jdmw6s9I7KxQ97n7JYKL!2e10!3e12!7i8192!8i4096?coh=205409&#038;entry=ttu&#038;g_ep=EgoyMDI0MTAwMS4wIKXMDSoASAFQAw%3D%3D\" target=\"_blank\">\n\t\t\t\t\t\t<span class=\"elementor-button-content-wrapper\">\n\t\t\t\t\t\t\t\t\t<span class=\"elementor-button-text\">VIRTUAL TOUR<\/span>\n\t\t\t\t\t<\/span>\n\t\t\t\t\t<\/a>\n\t\t<\/div>\n\t\t\t\t<\/div>\n\t\t\t\t<\/div>\n\t\t\t\t\t<\/div>\n\t\t<\/div>\n\t\t\t\t\t<\/div>\n\t\t<\/section>\n\t\t\t\t<section class=\"elementor-section elementor-top-section elementor-element elementor-element-7c5710b elementor-section-full_width qodef-elementor-content-grid elementor-section-height-default elementor-section-height-default\" data-id=\"7c5710b\" data-element_type=\"section\">\n\t\t\t\t\t\t<div class=\"elementor-container elementor-column-gap-no\">\n\t\t\t\t\t<div class=\"elementor-column elementor-col-50 elementor-top-column elementor-element elementor-element-fc4933a\" data-id=\"fc4933a\" data-element_type=\"column\">\n\t\t\t<div class=\"elementor-widget-wrap elementor-element-populated\">\n\t\t\t\t\t\t<div class=\"elementor-element elementor-element-9ca1ef6 elementor-widget elementor-widget-qi_addons_for_elementor_section_title\" data-id=\"9ca1ef6\" data-element_type=\"widget\" data-widget_type=\"qi_addons_for_elementor_section_title.default\">\n\t\t\t\t<div class=\"elementor-widget-container\">\n\t\t\t<div class=\"qodef-shortcode qodef-m  qodef-qi-section-title  qodef-decoration--italic  qodef-link--underline-draw qodef-subtitle-icon--left\">\n\t\t\t<h4 class=\"qodef-m-title\">\n\t\tFor a birthday or any of your presentations, conferences, and business lunches.\t<\/h4>\n\t\t\t\t\t\t<div class=\"qodef-m-text\"><p>We have audiovisual equipment available for all types of presentations.<\/p><\/div>\n\t<\/div>\n\t\t<\/div>\n\t\t\t\t<\/div>\n\t\t\t\t<div class=\"elementor-element elementor-element-877a416 elementor-align-left elementor-widget elementor-widget-button\" data-id=\"877a416\" data-element_type=\"widget\" data-widget_type=\"button.default\">\n\t\t\t\t<div class=\"elementor-widget-container\">\n\t\t\t\t\t<div class=\"elementor-button-wrapper\">\n\t\t\t<a class=\"elementor-button elementor-button-link elementor-size-sm\" href=\"mailto:whitesides@lemoliere.com\">\n\t\t\t\t\t\t<span class=\"elementor-button-content-wrapper\">\n\t\t\t\t\t\t\t\t\t<span class=\"elementor-button-text\">MORE INFO<\/span>\n\t\t\t\t\t<\/span>\n\t\t\t\t\t<\/a>\n\t\t<\/div>\n\t\t\t\t<\/div>\n\t\t\t\t<\/div>\n\t\t\t\t\t<\/div>\n\t\t<\/div>\n\t\t\t\t<div class=\"elementor-column elementor-col-50 elementor-top-column elementor-element elementor-element-831283b\" data-id=\"831283b\" data-element_type=\"column\" data-settings=\"{&quot;background_background&quot;:&quot;slideshow&quot;,&quot;background_slideshow_gallery&quot;:[],&quot;background_slideshow_loop&quot;:&quot;yes&quot;,&quot;background_slideshow_slide_duration&quot;:5000,&quot;background_slideshow_slide_transition&quot;:&quot;fade&quot;,&quot;background_slideshow_transition_duration&quot;:500}\">\n\t\t\t<div class=\"elementor-widget-wrap elementor-element-populated\">\n\t\t\t\t\t\t<div class=\"elementor-element elementor-element-a7659f6 elementor-hidden-tablet elementor-hidden-mobile elementor-widget elementor-widget-image\" data-id=\"a7659f6\" data-element_type=\"widget\" data-widget_type=\"image.default\">\n\t\t\t\t<div class=\"elementor-widget-container\">\n\t\t\t\t\t\t\t\t\t\t\t\t\t<img decoding=\"async\" width=\"2000\" height=\"1500\" src=\"https:\/\/lemoliere.com\/wp-content\/uploads\/2024\/09\/IMG_8905-2.jpg\" class=\"attachment-full size-full wp-image-876\" alt=\"\" srcset=\"https:\/\/lemoliere.com\/wp-content\/uploads\/2024\/09\/IMG_8905-2.jpg 2000w, https:\/\/lemoliere.com\/wp-content\/uploads\/2024\/09\/IMG_8905-2-300x225.jpg 300w, https:\/\/lemoliere.com\/wp-content\/uploads\/2024\/09\/IMG_8905-2-1024x768.jpg 1024w, https:\/\/lemoliere.com\/wp-content\/uploads\/2024\/09\/IMG_8905-2-768x576.jpg 768w, https:\/\/lemoliere.com\/wp-content\/uploads\/2024\/09\/IMG_8905-2-1536x1152.jpg 1536w\" sizes=\"(max-width: 2000px) 100vw, 2000px\" \/>\t\t\t\t\t\t\t\t\t\t\t\t\t<\/div>\n\t\t\t\t<\/div>\n\t\t\t\t\t<\/div>\n\t\t<\/div>\n\t\t\t\t\t<\/div>\n\t\t<\/section>\n\t\t\t\t<section class=\"elementor-section elementor-top-section elementor-element elementor-element-56ec13d elementor-section-full_width qodef-elementor-content-grid elementor-section-height-default elementor-section-height-default\" data-id=\"56ec13d\" data-element_type=\"section\">\n\t\t\t\t\t\t<div class=\"elementor-container elementor-column-gap-no\">\n\t\t\t\t\t<div class=\"elementor-column elementor-col-50 elementor-top-column elementor-element elementor-element-15ffb95 elementor-hidden-tablet elementor-hidden-mobile\" data-id=\"15ffb95\" data-element_type=\"column\" data-settings=\"{&quot;background_background&quot;:&quot;slideshow&quot;,&quot;background_slideshow_gallery&quot;:[],&quot;background_slideshow_loop&quot;:&quot;yes&quot;,&quot;background_slideshow_slide_duration&quot;:5000,&quot;background_slideshow_slide_transition&quot;:&quot;fade&quot;,&quot;background_slideshow_transition_duration&quot;:500}\">\n\t\t\t<div class=\"elementor-widget-wrap elementor-element-populated\">\n\t\t\t\t\t\t<div class=\"elementor-element elementor-element-cad0d45 elementor-widget elementor-widget-image\" data-id=\"cad0d45\" data-element_type=\"widget\" data-widget_type=\"image.default\">\n\t\t\t\t<div class=\"elementor-widget-container\">\n\t\t\t\t\t\t\t\t\t\t\t\t\t<img fetchpriority=\"high\" decoding=\"async\" width=\"2000\" height=\"1500\" src=\"https:\/\/lemoliere.com\/wp-content\/uploads\/2024\/09\/IMG_2600-1.jpg\" class=\"attachment-full size-full wp-image-875\" alt=\"\" srcset=\"https:\/\/lemoliere.com\/wp-content\/uploads\/2024\/09\/IMG_2600-1.jpg 2000w, https:\/\/lemoliere.com\/wp-content\/uploads\/2024\/09\/IMG_2600-1-300x225.jpg 300w, https:\/\/lemoliere.com\/wp-content\/uploads\/2024\/09\/IMG_2600-1-1024x768.jpg 1024w, https:\/\/lemoliere.com\/wp-content\/uploads\/2024\/09\/IMG_2600-1-768x576.jpg 768w, https:\/\/lemoliere.com\/wp-content\/uploads\/2024\/09\/IMG_2600-1-1536x1152.jpg 1536w\" sizes=\"(max-width: 2000px) 100vw, 2000px\" \/>\t\t\t\t\t\t\t\t\t\t\t\t\t<\/div>\n\t\t\t\t<\/div>\n\t\t\t\t\t<\/div>\n\t\t<\/div>\n\t\t\t\t<div class=\"elementor-column elementor-col-50 elementor-top-column elementor-element elementor-element-63f5cdd\" data-id=\"63f5cdd\" data-element_type=\"column\">\n\t\t\t<div class=\"elementor-widget-wrap elementor-element-populated\">\n\t\t\t\t\t\t<div class=\"elementor-element elementor-element-68c409b elementor-widget elementor-widget-qi_addons_for_elementor_section_title\" data-id=\"68c409b\" data-element_type=\"widget\" data-widget_type=\"qi_addons_for_elementor_section_title.default\">\n\t\t\t\t<div class=\"elementor-widget-container\">\n\t\t\t<div class=\"qodef-shortcode qodef-m  qodef-qi-section-title  qodef-decoration--italic  qodef-link--underline-draw qodef-subtitle-icon--left\">\n\t\t\t<h4 class=\"qodef-m-title\">\n\t\tYou can eat and drink there!\t<\/h4>\n\t\t\t\t\t\t<div class=\"qodef-m-text\"><p>We offer customized menus for your events, along with a curated selection of craft cocktails. Our beautiful wine cellar is also part of the space.<\/p><\/div>\n\t<\/div>\n\t\t<\/div>\n\t\t\t\t<\/div>\n\t\t\t\t<div class=\"elementor-element elementor-element-11abcf3 elementor-align-left elementor-widget elementor-widget-button\" data-id=\"11abcf3\" data-element_type=\"widget\" data-widget_type=\"button.default\">\n\t\t\t\t<div class=\"elementor-widget-container\">\n\t\t\t\t\t<div class=\"elementor-button-wrapper\">\n\t\t\t<a class=\"elementor-button elementor-button-link elementor-size-sm\" href=\"mailto:whitesides@lemoliere.com\">\n\t\t\t\t\t\t<span class=\"elementor-button-content-wrapper\">\n\t\t\t\t\t\t\t\t\t<span class=\"elementor-button-text\">MORE INFO<\/span>\n\t\t\t\t\t<\/span>\n\t\t\t\t\t<\/a>\n\t\t<\/div>\n\t\t\t\t<\/div>\n\t\t\t\t<\/div>\n\t\t\t\t\t<\/div>\n\t\t<\/div>\n\t\t\t\t\t<\/div>\n\t\t<\/section>\n\t\t\t\t<section class=\"elementor-section elementor-top-section elementor-element elementor-element-169b307b elementor-section-full_width elementor-section-height-default elementor-section-height-default qodef-elementor-content-no\" data-id=\"169b307b\" data-element_type=\"section\" data-settings=\"{&quot;background_background&quot;:&quot;classic&quot;}\">\n\t\t\t\t\t\t<div class=\"elementor-container elementor-column-gap-default\">\n\t\t\t\t\t<div class=\"elementor-column elementor-col-100 elementor-top-column elementor-element elementor-element-536470c8\" data-id=\"536470c8\" data-element_type=\"column\">\n\t\t\t<div class=\"elementor-widget-wrap elementor-element-populated\">\n\t\t\t\t\t\t<div class=\"elementor-element elementor-element-39660a16 elementor-widget elementor-widget-image\" data-id=\"39660a16\" data-element_type=\"widget\" data-widget_type=\"image.default\">\n\t\t\t\t<div class=\"elementor-widget-container\">\n\t\t\t\t\t\t\t\t\t\t\t\t\t<img decoding=\"async\" src=\"https:\/\/lemoliere.com\/wp-content\/uploads\/2020\/10\/quote.png\" title=\"\" alt=\"\" loading=\"lazy\" \/>\t\t\t\t\t\t\t\t\t\t\t\t\t<\/div>\n\t\t\t\t<\/div>\n\t\t\t\t<div class=\"elementor-element elementor-element-78ebede3 elementor-widget elementor-widget-qi_addons_for_elementor_section_title\" data-id=\"78ebede3\" data-element_type=\"widget\" data-widget_type=\"qi_addons_for_elementor_section_title.default\">\n\t\t\t\t<div class=\"elementor-widget-container\">\n\t\t\t<div class=\"qodef-shortcode qodef-m  qodef-qi-section-title  qodef-decoration--italic  qodef-link--underline-draw qodef-subtitle-icon--left\">\n\t\t\t<h4 class=\"qodef-m-title\">\n\t\tContact us to learn about the different options, menus, and to schedule a meeting.\t<\/h4>\n\t\t\t\t\t\t<div class=\"qodef-m-text\">Sara Whiteside\n514.849.9907\n<a style=\"color: #fff\" href=\"mailto:whitesides@lemoliere.com\">whitesides@lemoliere.com<\/a><\/div>\n\t<\/div>\n\t\t<\/div>\n\t\t\t\t<\/div>\n\t\t\t\t\t<\/div>\n\t\t<\/div>\n\t\t\t\t\t<\/div>\n\t\t<\/section>\n\t\t\t\t<\/div>\n\t\t","protected":false},"excerpt":{"rendered":"<p>Discover our private lounge, \u201cLe Cellier.\u201d Le Cellier can accommodate up to 50 people. Le Moli\u00e8re offers its private lounge, \u201cLe Cellier,\u201d for your private events. Several configurations are available, including round tables for 6 or 8 guests, high tables, or classroom-style seating. MORE INFO VIRTUAL TOUR For a birthday or any of your presentations, [&hellip;]<\/p>\n","protected":false},"author":1,"featured_media":0,"parent":0,"menu_order":0,"comment_status":"closed","ping_status":"closed","template":"qi-full-width.php","meta":{"content-type":"","footnotes":""},"class_list":["post-1012","page","type-page","status-publish","hentry"],"yoast_head":"<!-- This site is optimized with the Yoast SEO plugin v23.5 - https:\/\/yoast.com\/wordpress\/plugins\/seo\/ -->\n<title>Private Dining - Le Moli\u00e8re<\/title>\n<meta name=\"robots\" content=\"index, follow, max-snippet:-1, max-image-preview:large, max-video-preview:-1\" \/>\n<link rel=\"canonical\" href=\"https:\/\/lemoliere.com\/en\/private-dining\/\" \/>\n<meta property=\"og:locale\" content=\"en_US\" \/>\n<meta property=\"og:type\" content=\"article\" \/>\n<meta property=\"og:title\" content=\"Private Dining - Le Moli\u00e8re\" \/>\n<meta property=\"og:description\" content=\"Discover our private lounge, \u201cLe Cellier.\u201d Le Cellier can accommodate up to 50 people. Le Moli\u00e8re offers its private lounge, \u201cLe Cellier,\u201d for your private events. Several configurations are available, including round tables for 6 or 8 guests, high tables, or classroom-style seating. MORE INFO VIRTUAL TOUR For a birthday or any of your presentations, [&hellip;]\" \/>\n<meta property=\"og:url\" content=\"https:\/\/lemoliere.com\/en\/private-dining\/\" \/>\n<meta property=\"og:site_name\" content=\"Le Moli\u00e8re\" \/>\n<meta property=\"article:publisher\" content=\"https:\/\/www.facebook.com\/lemolierebrasseriefrancaise\" \/>\n<meta property=\"article:modified_time\" content=\"2026-01-22T21:02:53+00:00\" \/>\n<meta property=\"og:image\" content=\"https:\/\/lemoliere.com\/wp-content\/uploads\/2024\/09\/IMG_2600-1.jpg\" \/>\n<meta name=\"twitter:card\" content=\"summary_large_image\" \/>\n<meta name=\"twitter:label1\" content=\"Est. reading time\" \/>\n\t<meta name=\"twitter:data1\" content=\"2 minutes\" \/>\n<script type=\"application\/ld+json\" class=\"yoast-schema-graph\">{\"@context\":\"https:\/\/schema.org\",\"@graph\":[{\"@type\":\"WebPage\",\"@id\":\"https:\/\/lemoliere.com\/en\/private-dining\/\",\"url\":\"https:\/\/lemoliere.com\/en\/private-dining\/\",\"name\":\"Private Dining - Le Moli\u00e8re\",\"isPartOf\":{\"@id\":\"https:\/\/lemoliere.com\/en\/#website\"},\"primaryImageOfPage\":{\"@id\":\"https:\/\/lemoliere.com\/en\/private-dining\/#primaryimage\"},\"image\":{\"@id\":\"https:\/\/lemoliere.com\/en\/private-dining\/#primaryimage\"},\"thumbnailUrl\":\"https:\/\/lemoliere.com\/wp-content\/uploads\/2024\/09\/IMG_2600-1.jpg\",\"datePublished\":\"2026-01-22T20:58:42+00:00\",\"dateModified\":\"2026-01-22T21:02:53+00:00\",\"breadcrumb\":{\"@id\":\"https:\/\/lemoliere.com\/en\/private-dining\/#breadcrumb\"},\"inLanguage\":\"en-US\",\"potentialAction\":[{\"@type\":\"ReadAction\",\"target\":[\"https:\/\/lemoliere.com\/en\/private-dining\/\"]}]},{\"@type\":\"ImageObject\",\"inLanguage\":\"en-US\",\"@id\":\"https:\/\/lemoliere.com\/en\/private-dining\/#primaryimage\",\"url\":\"https:\/\/lemoliere.com\/wp-content\/uploads\/2024\/09\/IMG_2600-1.jpg\",\"contentUrl\":\"https:\/\/lemoliere.com\/wp-content\/uploads\/2024\/09\/IMG_2600-1.jpg\"},{\"@type\":\"BreadcrumbList\",\"@id\":\"https:\/\/lemoliere.com\/en\/private-dining\/#breadcrumb\",\"itemListElement\":[{\"@type\":\"ListItem\",\"position\":1,\"name\":\"Home\",\"item\":\"https:\/\/lemoliere.com\/en\/\"},{\"@type\":\"ListItem\",\"position\":2,\"name\":\"Private Dining\"}]},{\"@type\":\"WebSite\",\"@id\":\"https:\/\/lemoliere.com\/en\/#website\",\"url\":\"https:\/\/lemoliere.com\/en\/\",\"name\":\"Le Moli\u00e8re\",\"description\":\"La nouvelle brasserie parisienne situ\u00e9e au coeur du quartier latin de Montr\u00e9al!\",\"publisher\":{\"@id\":\"https:\/\/lemoliere.com\/en\/#organization\"},\"potentialAction\":[{\"@type\":\"SearchAction\",\"target\":{\"@type\":\"EntryPoint\",\"urlTemplate\":\"https:\/\/lemoliere.com\/en\/?s={search_term_string}\"},\"query-input\":{\"@type\":\"PropertyValueSpecification\",\"valueRequired\":true,\"valueName\":\"search_term_string\"}}],\"inLanguage\":\"en-US\"},{\"@type\":\"Organization\",\"@id\":\"https:\/\/lemoliere.com\/en\/#organization\",\"name\":\"Le Moli\u00e8re\",\"url\":\"https:\/\/lemoliere.com\/en\/\",\"logo\":{\"@type\":\"ImageObject\",\"inLanguage\":\"en-US\",\"@id\":\"https:\/\/lemoliere.com\/en\/#\/schema\/logo\/image\/\",\"url\":\"https:\/\/lemoliere.com\/wp-content\/uploads\/2024\/09\/LeMoliereLogo2024.png\",\"contentUrl\":\"https:\/\/lemoliere.com\/wp-content\/uploads\/2024\/09\/LeMoliereLogo2024.png\",\"width\":1738,\"height\":451,\"caption\":\"Le Moli\u00e8re\"},\"image\":{\"@id\":\"https:\/\/lemoliere.com\/en\/#\/schema\/logo\/image\/\"},\"sameAs\":[\"https:\/\/www.facebook.com\/lemolierebrasseriefrancaise\",\"https:\/\/www.instagram.com\/lemolierebrasseriefrancaise\/\"]}]}<\/script>\n<!-- \/ Yoast SEO plugin. -->","yoast_head_json":{"title":"Private Dining - Le Moli\u00e8re","robots":{"index":"index","follow":"follow","max-snippet":"max-snippet:-1","max-image-preview":"max-image-preview:large","max-video-preview":"max-video-preview:-1"},"canonical":"https:\/\/lemoliere.com\/en\/private-dining\/","og_locale":"en_US","og_type":"article","og_title":"Private Dining - Le Moli\u00e8re","og_description":"Discover our private lounge, \u201cLe Cellier.\u201d Le Cellier can accommodate up to 50 people. Le Moli\u00e8re offers its private lounge, \u201cLe Cellier,\u201d for your private events. Several configurations are available, including round tables for 6 or 8 guests, high tables, or classroom-style seating. MORE INFO VIRTUAL TOUR For a birthday or any of your presentations, [&hellip;]","og_url":"https:\/\/lemoliere.com\/en\/private-dining\/","og_site_name":"Le Moli\u00e8re","article_publisher":"https:\/\/www.facebook.com\/lemolierebrasseriefrancaise","article_modified_time":"2026-01-22T21:02:53+00:00","og_image":[{"url":"https:\/\/lemoliere.com\/wp-content\/uploads\/2024\/09\/IMG_2600-1.jpg"}],"twitter_card":"summary_large_image","twitter_misc":{"Est. reading time":"2 minutes"},"schema":{"@context":"https:\/\/schema.org","@graph":[{"@type":"WebPage","@id":"https:\/\/lemoliere.com\/en\/private-dining\/","url":"https:\/\/lemoliere.com\/en\/private-dining\/","name":"Private Dining - Le Moli\u00e8re","isPartOf":{"@id":"https:\/\/lemoliere.com\/en\/#website"},"primaryImageOfPage":{"@id":"https:\/\/lemoliere.com\/en\/private-dining\/#primaryimage"},"image":{"@id":"https:\/\/lemoliere.com\/en\/private-dining\/#primaryimage"},"thumbnailUrl":"https:\/\/lemoliere.com\/wp-content\/uploads\/2024\/09\/IMG_2600-1.jpg","datePublished":"2026-01-22T20:58:42+00:00","dateModified":"2026-01-22T21:02:53+00:00","breadcrumb":{"@id":"https:\/\/lemoliere.com\/en\/private-dining\/#breadcrumb"},"inLanguage":"en-US","potentialAction":[{"@type":"ReadAction","target":["https:\/\/lemoliere.com\/en\/private-dining\/"]}]},{"@type":"ImageObject","inLanguage":"en-US","@id":"https:\/\/lemoliere.com\/en\/private-dining\/#primaryimage","url":"https:\/\/lemoliere.com\/wp-content\/uploads\/2024\/09\/IMG_2600-1.jpg","contentUrl":"https:\/\/lemoliere.com\/wp-content\/uploads\/2024\/09\/IMG_2600-1.jpg"},{"@type":"BreadcrumbList","@id":"https:\/\/lemoliere.com\/en\/private-dining\/#breadcrumb","itemListElement":[{"@type":"ListItem","position":1,"name":"Home","item":"https:\/\/lemoliere.com\/en\/"},{"@type":"ListItem","position":2,"name":"Private Dining"}]},{"@type":"WebSite","@id":"https:\/\/lemoliere.com\/en\/#website","url":"https:\/\/lemoliere.com\/en\/","name":"Le Moli\u00e8re","description":"La nouvelle brasserie parisienne situ\u00e9e au coeur du quartier latin de Montr\u00e9al!","publisher":{"@id":"https:\/\/lemoliere.com\/en\/#organization"},"potentialAction":[{"@type":"SearchAction","target":{"@type":"EntryPoint","urlTemplate":"https:\/\/lemoliere.com\/en\/?s={search_term_string}"},"query-input":{"@type":"PropertyValueSpecification","valueRequired":true,"valueName":"search_term_string"}}],"inLanguage":"en-US"},{"@type":"Organization","@id":"https:\/\/lemoliere.com\/en\/#organization","name":"Le Moli\u00e8re","url":"https:\/\/lemoliere.com\/en\/","logo":{"@type":"ImageObject","inLanguage":"en-US","@id":"https:\/\/lemoliere.com\/en\/#\/schema\/logo\/image\/","url":"https:\/\/lemoliere.com\/wp-content\/uploads\/2024\/09\/LeMoliereLogo2024.png","contentUrl":"https:\/\/lemoliere.com\/wp-content\/uploads\/2024\/09\/LeMoliereLogo2024.png","width":1738,"height":451,"caption":"Le Moli\u00e8re"},"image":{"@id":"https:\/\/lemoliere.com\/en\/#\/schema\/logo\/image\/"},"sameAs":["https:\/\/www.facebook.com\/lemolierebrasseriefrancaise","https:\/\/www.instagram.com\/lemolierebrasseriefrancaise\/"]}]}},"featured_image_src":null,"featured_image_src_square":null,"_links":{"self":[{"href":"https:\/\/lemoliere.com\/en\/wp-json\/wp\/v2\/pages\/1012","targetHints":{"allow":["GET"]}}],"collection":[{"href":"https:\/\/lemoliere.com\/en\/wp-json\/wp\/v2\/pages"}],"about":[{"href":"https:\/\/lemoliere.com\/en\/wp-json\/wp\/v2\/types\/page"}],"author":[{"embeddable":true,"href":"https:\/\/lemoliere.com\/en\/wp-json\/wp\/v2\/users\/1"}],"replies":[{"embeddable":true,"href":"https:\/\/lemoliere.com\/en\/wp-json\/wp\/v2\/comments?post=1012"}],"version-history":[{"count":0,"href":"https:\/\/lemoliere.com\/en\/wp-json\/wp\/v2\/pages\/1012\/revisions"}],"wp:attachment":[{"href":"https:\/\/lemoliere.com\/en\/wp-json\/wp\/v2\/media?parent=1012"}],"curies":[{"name":"wp","href":"https:\/\/api.w.org\/{rel}","templated":true}]}}